{"id":3902,"date":"2024-03-29T04:39:08","date_gmt":"2024-03-29T04:39:08","guid":{"rendered":"https:\/\/responseandearn.com\/faq\/"},"modified":"2024-07-08T14:51:08","modified_gmt":"2024-07-08T14:51:08","slug":"faq","status":"publish","type":"page","link":"http:\/\/responseandearn.com\/sv-se\/faq\/","title":{"rendered":"FAQs"},"content":{"rendered":"<div class=\"wpb-content-wrapper\"><p>[vc_row css=&#8221;.vc_custom_1711683198509{margin-top: 100px !important;margin-bottom: 100px !important;}&#8221; el_class=&#8221;home_sec_10&#8243;][vc_column width=&#8221;1\/6&#8243;][\/vc_column][vc_column width=&#8221;2\/3&#8243;][vc_raw_html]JTNDZGl2JTIwY2xhc3MlM0QlMjJjb250YWluZXIlMjIlMjBzdHlsZSUzRCUyMnRleHQtYWxpZ24lM0FjZW50ZXIlM0JtYXJnaW4tYm90dG9tJTNBJTIwNDBweCUzQiUyMiUzRSUwQSUyMCUyMCUzQ2RpdiUyMGNsYXNzJTNEJTIyZG90JTIyJTNFJTNDJTJGZGl2JTNFJTBBJTIwJTIwJTNDZGl2JTIwY2xhc3MlM0QlMjJkb3QlMjIlM0UlM0MlMkZkaXYlM0UlMEElMjAlMjAlM0NkaXYlMjBjbGFzcyUzRCUyMmRvdCUyMiUzRSUzQyUyRmRpdiUzRSUwQSUwQSUzQyUyRmRpdiUzRSUwQSUwQSUzQ3N0eWxlJTNFJTBBJTIwJTIwJTIwJTIwLmRvdCUyMCU3QiUwQSUyMCUyMGRpc3BsYXklM0ElMjBpbmxpbmUtYmxvY2slM0IlMEElMjAlMjB3aWR0aCUzQSUyMDE1cHglM0IlMEElMjAlMjBoZWlnaHQlM0ElMjAxNXB4JTNCJTBBJTIwJTIwYm9yZGVyLXJhZGl1cyUzQSUyMDUwJTI1JTNCJTBBJTIwJTIwYmFja2dyb3VuZC1jb2xvciUzQSUyMCUyM2ZiOTA1ZCUzQiUwQSUyMCUyMG1hcmdpbi1yaWdodCUzQSUyMDEycHglM0IlMEElN0QlMEElMEElMEEuY29udGFpbmVyJTIwLmRvdCUzQW50aC1sYXN0LWNoaWxkJTI4MSUyOSUyMCU3QiUwQSUyMCUyMGFuaW1hdGlvbiUzQSUyMGp1bXBpbmdBbmltYXRpb24lMjAxLjJzJTIwMC42cyUyMGxpbmVhciUyMGluZmluaXRlJTNCJTBBJTdEJTBBLmNvbnRhaW5lciUyMC5kb3QlM0FudGgtbGFzdC1jaGlsZCUyODIlMjklMjAlN0IlMEElMjAlMjBhbmltYXRpb24lM0ElMjBqdW1waW5nQW5pbWF0aW9uJTIwMS4ycyUyMDAuM3MlMjBsaW5lYXIlMjBpbmZpbml0ZSUzQiUwQSU3RCUwQS5jb250YWluZXIlMjAuZG90JTNBbnRoLWxhc3QtY2hpbGQlMjgzJTI5JTIwJTdCJTBBJTIwJTIwYW5pbWF0aW9uJTNBJTIwanVtcGluZ0FuaW1hdGlvbiUyMDEuMnMlMjAwcyUyMGxpbmVhciUyMGluZmluaXRlJTNCJTBBJTdEJTBBJTBBJTQwa2V5ZnJhbWVzJTIwanVtcGluZ0FuaW1hdGlvbiUyMCU3QiUwQSUyMCUyMDAlMjAlN0IlMEElMjAlMjAlMjAlMjB0cmFuc2Zvcm0lM0ElMjB0cmFuc2xhdGUlMjgwJTJDJTIwMCUyOSUzQiUwQSUyMCUyMCU3RCUwQSUyMCUyMDE2JTI1JTIwJTdCJTBBJTIwJTIwJTIwJTIwdHJhbnNmb3JtJTNBJTIwdHJhbnNsYXRlJTI4MCUyQyUyMC0xNXB4JTI5JTNCJTBBJTIwJTIwJTdEJTBBJTIwJTIwMzMlMjUlMjAlN0IlMEElMjAlMjAlMjAlMjB0cmFuc2Zvcm0lM0ElMjB0cmFuc2xhdGUlMjgwJTJDJTIwMCUyOSUzQiUwQSUyMCUyMCU3RCUwQSUyMCUyMDEwMCUyNSUyMCU3QiUwQSUyMCUyMCUyMCUyMHRyYW5zZm9ybSUzQSUyMHRyYW5zbGF0ZSUyODAlMkMlMjAwJTI5JTNCJTBBJTIwJTIwJTdEJTBBJTdEJTBBJTNDJTJGc3R5bGUlM0UlMEElMEElM0NoMSUyMHN0eWxlJTNEJTIybGluZS1oZWlnaHQlM0ElMjBpbml0aWFsJTNCJTIwZm9udC1zaXplJTNBJTIwMTAwcHglM0Jmb250LXdlaWdodCUzQSUyMGJvbGQlM0IlMjBjb2xvciUzQSUyMCUyMzExMSUzQiUyMHRleHQtYWxpZ24lM0FjZW50ZXIlMjIlM0VGQVElM0MlMkZoMSUzRQ==[\/vc_raw_html][vc_column_text]<\/p>\n<p style=\"text-align: center;\"><span style=\"font-weight: 400;\">\u00c4r du f\u00f6rvirrad \u00f6ver vad Response and Earn egentligen \u00e4r och hur du kan tj\u00e4na pengar genom unders\u00f6kningar i Sverige? Utforska svar p\u00e5 vanliga fr\u00e5gor om v\u00e5r plattform eftersom vi str\u00e4var efter att g\u00f6ra intj\u00e4ningen till en s\u00f6ml\u00f6s upplevelse f\u00f6r alla. <\/span><\/p>\n<p>[\/vc_column_text][\/vc_column][vc_column width=&#8221;1\/6&#8243;][\/vc_column][\/vc_row][vc_row css=&#8221;.vc_custom_1711595976997{margin-top: 100px !important;margin-bottom: 100px !important;}&#8221; el_class=&#8221;home_sec_8&#8243;][vc_column][vc_custom_heading text=&#8221;Vanliga fr\u00e5gor&#8221; font_container=&#8221;tag:h2|text_align:center|color:%23111111&#8243; use_theme_fonts=&#8221;yes&#8221; css=&#8221;.vc_custom_1720450016694{margin-bottom: 100px !important;}&#8221;][vc_toggle title=&#8221;Vad \u00e4r Response and Earn?&#8221; style=&#8221;arrow&#8221; color=&#8221;sandy_brown&#8221;]<span style=\"font-weight: 400;\">Response and Earn \u00e4r ett SVERIGE-f\u00f6retag som drivs av marknadsunders\u00f6kare som rekryterar m\u00e4nniskor till betalda unders\u00f6kningar och fokusgrupper. Vi f\u00e5r de st\u00f6rre organisationerna och f\u00f6retagen att lyssna p\u00e5 dina insikter om deras produkter och tj\u00e4nster s\u00e5 att de kan f\u00f6rb\u00e4ttra sig d\u00e4refter. Vi kompenserar dig f\u00f6r din tid och v\u00e4rdefulla svar.\u00a0<\/span>[\/vc_toggle][vc_toggle title=&#8221;Erbjuder Response and Earn lagliga pengar f\u00f6r unders\u00f6kningar?&#8221; style=&#8221;arrow&#8221; color=&#8221;sandy_brown&#8221;]<span style=\"font-weight: 400;\">Ja, v\u00e5r unders\u00f6kningsbel\u00f6ning \u00e4r 100 % laglig. Vi bel\u00f6nar dig f\u00f6r din tid och v\u00e4rdefulla insikter. Du hj\u00e4lper f\u00f6retag att f\u00f6rb\u00e4ttra sina produkter och tj\u00e4nster; I geng\u00e4ld erbjuder vi kontantbel\u00f6ningar och presentkort som \u00e4r helt lagliga.\u00a0<\/span>[\/vc_toggle][vc_toggle title=&#8221;Hur kan jag g\u00e5 med i Response and Earn?&#8221; style=&#8221;arrow&#8221; color=&#8221;sandy_brown&#8221;]<span style=\"font-weight: 400;\">Du kan g\u00e5 med i Response and Earn genom att registrera dig p\u00e5 v\u00e5r plattform. F\u00f6r det m\u00e5ste du fylla i v\u00e5rt registreringsformul\u00e4r genom att ange alla n\u00f6dv\u00e4ndiga uppgifter, inklusive kontakt, bakgrund och intresse. Med detta kommer du att bli en del av v\u00e5r gemenskap, och vi kommer att meddela dig n\u00e4r n\u00e5gon studie matchar din profil.\u00a0<\/span>[\/vc_toggle][vc_toggle title=&#8221;Beh\u00f6ver jag betala anm\u00e4lningsavgifter hos Response and Earn? &#8221; style=&#8221;arrow&#8221; color=&#8221;sandy_brown&#8221;]<span style=\"font-weight: 400;\">Nej, du beh\u00f6ver inte betala n\u00e5gra registreringsavgifter hos Reponse and Earn. V\u00e5r webbplats erbjuder 100 % gratis unders\u00f6kningar genom vilka du kan tj\u00e4na olika presentkort och kontantbel\u00f6ningar.\u00a0<\/span>[\/vc_toggle][vc_toggle title=&#8221;Hur kan jag f\u00e5 mina v\u00e4nner att g\u00e5 med i Response and Earn?&#8221; style=&#8221;arrow&#8221; color=&#8221;sandy_brown&#8221;]<span style=\"font-weight: 400;\">V\u00e4nner som tj\u00e4nar tillsammans h\u00e5ller ihop. F\u00f6r att f\u00e5 dina v\u00e4nner att g\u00e5 med i Response and Earn, dela v\u00e5r plattforms l\u00e4nk med dem via e-post eller sms.\u00a0<\/span>[\/vc_toggle][vc_toggle title=&#8221;Jag gick med i plattformen men har inte blivit utvald till n\u00e5gon studie, varf\u00f6r?&#8221; style=&#8221;arrow&#8221; color=&#8221;sandy_brown&#8221;]<span style=\"font-weight: 400;\">Individer v\u00e4ljs ut n\u00e4r deras profil matchar en studie, som specificeras av v\u00e5ra kunder i enlighet med de produkter eller tj\u00e4nster de erbjuder. V\u00e5ra rekryterare g\u00f6r sitt b\u00e4sta f\u00f6r att v\u00e4lja den b\u00e4sta matchningen f\u00f6r studierna; Men ibland \u00e4r platserna begr\u00e4nsade, vilket g\u00f6r att m\u00e5nga m\u00e4nniskor f\u00f6rblir ovalda. Men tappa inte hoppet; Vi forts\u00e4tter att uppdatera nya studier, och du kommer att v\u00e4ljas ut inom kort om du \u00e4r en aktiv anv\u00e4ndare.\u00a0<\/span>[\/vc_toggle][vc_toggle title=&#8221;Hur mycket kan jag tj\u00e4na p\u00e5 en m\u00e5nad genom unders\u00f6kningar?&#8221; style=&#8221;arrow&#8221; color=&#8221;sandy_brown&#8221;]<span style=\"font-weight: 400;\">Du kan tj\u00e4na s\u00e5 mycket du kan. Det beror helt p\u00e5 din tillg\u00e4nglighet och hur m\u00e5nga unders\u00f6kningar du g\u00f6r p\u00e5 en m\u00e5nad.<\/span>[\/vc_toggle][vc_toggle title=&#8221;Varf\u00f6r har jag inte f\u00e5tt n\u00e5gon betalning efter att ha deltagit i fokusgruppen?&#8221; style=&#8221;arrow&#8221; color=&#8221;sandy_brown&#8221;]<span style=\"font-weight: 400;\">Vi g\u00f6r v\u00e5rt b\u00e4sta f\u00f6r att skicka betalningarna i tid, men om du drabbas av n\u00e5gon f\u00f6rsening ber vi uppriktigt om urs\u00e4kt f\u00f6r det. Du kan kontakta oss nu s\u00e5 att vi kan l\u00f6sa ditt problem s\u00e5 snart som m\u00f6jligt.<\/span>[\/vc_toggle][vc_toggle title=&#8221;M\u00e5ste jag vara expert p\u00e5 n\u00e5got f\u00f6r att delta i studien?&#8221; style=&#8221;arrow&#8221; color=&#8221;sandy_brown&#8221;]<span style=\"font-weight: 400;\">Nej, du beh\u00f6ver inte vara expert p\u00e5 n\u00e5got f\u00f6r att vara en del av v\u00e5ra studier. Du beh\u00f6ver bara dela dina genuina \u00e5sikter med oss. S\u00e5 enkelt \u00e4r det.\u00a0<\/span>[\/vc_toggle][vc_toggle title=&#8221;Hur kan jag \u00e5terst\u00e4lla mitt f\u00f6rlorade anv\u00e4ndarnamn och l\u00f6senord?&#8221; style=&#8221;arrow&#8221; color=&#8221;sandy_brown&#8221;]<span style=\"font-weight: 400;\">Om du har gl\u00f6mt ditt anv\u00e4ndarnamn och l\u00f6senord skickar du bara din e-postadress till oss s\u00e5 skickar vi dina inloggningsuppgifter till din e-post.\u00a0<\/span>[\/vc_toggle][vc_toggle title=&#8221;Hur kan jag \u00e4ndra min profilinformation?&#8221; style=&#8221;arrow&#8221; color=&#8221;sandy_brown&#8221;]<span style=\"font-weight: 400;\">Du kan \u00e4ndra din profilinformation genom att g\u00e5 till din personliga profil. Se till att fylla i alla uppgifter om dig s\u00e5 att vi kan skicka relevanta unders\u00f6kningar till dig.\u00a0<\/span>[\/vc_toggle][vc_toggle title=&#8221;Hur kan jag f\u00e5 utbetalningarna till mitt konto?&#8221; style=&#8221;arrow&#8221; color=&#8221;sandy_brown&#8221;]<span style=\"font-weight: 400;\">F\u00f6r att ta emot betalningar till ditt konto, g\u00e5 till din profil, klicka p\u00e5 &#8220;L\u00f6s in bel\u00f6ningar&#8221; och f\u00f6lj instruktionerna p\u00e5 sk\u00e4rmen.\u00a0<\/span>[\/vc_toggle][vc_toggle title=&#8221;Hur kan jag s\u00e4ga upp mitt medlemskap?&#8221; style=&#8221;arrow&#8221; color=&#8221;sandy_brown&#8221;]<span style=\"font-weight: 400;\">Du kan l\u00e4mna Response och Earn n\u00e4r du vill. Du beh\u00f6ver bara maila oss p\u00e5 <\/span><a href=\"mailto:info@responseandearn.com\"><span style=\"font-weight: 400;\">info@responseandearn.com<\/span><\/a><span style=\"font-weight: 400;\"> och be oss s\u00e4ga upp ditt medlemskap. Du kan ocks\u00e5 ta bort ditt konto direkt fr\u00e5n din profil.\u00a0<\/span>[\/vc_toggle][vc_toggle title=&#8221;Kommer mina uppgifter att f\u00f6rbli konfidentiella?&#8221; style=&#8221;arrow&#8221; color=&#8221;sandy_brown&#8221;]<span style=\"font-weight: 400;\">Vi h\u00e5ller dina personuppgifter 100 % konfidentiella. Vi delar den endast med v\u00e5ra kunder s\u00e5 att du kan matchas med de nya studierna. Vi delar aldrig n\u00e5gon av dina uppgifter med en tredje part.\u00a0<\/span>[\/vc_toggle][\/vc_column][\/vc_row]<\/p>\n<\/div>","protected":false},"excerpt":{"rendered":"<p>[vc_row css=&#8221;.vc_custom_1711683198509{margin-top: 100px !important;margin-bottom: 100px !important;}&#8221; el_class=&#8221;home_sec_10&#8243;][vc_column width=&#8221;1\/6&#8243;][\/vc_column][vc_column width=&#8221;2\/3&#8243;][vc_raw_html]JTNDZGl2JTIwY2xhc3MlM0QlMjJjb250YWluZXIlMjIlMjBzdHlsZSUzRCUyMnRleHQtYWxpZ24lM0FjZW50ZXIlM0JtYXJnaW4tYm90dG9tJTNBJTIwNDBweCUzQiUyMiUzRSUwQSUyMCUyMCUzQ2RpdiUyMGNsYXNzJTNEJTIyZG90JTIyJTNFJTNDJTJGZGl2JTNFJTBBJTIwJTIwJTNDZGl2JTIwY2xhc3MlM0QlMjJkb3QlMjIlM0UlM0MlMkZkaXYlM0UlMEElMjAlMjAlM0NkaXYlMjBjbGFzcyUzRCUyMmRvdCUyMiUzRSUzQyUyRmRpdiUzRSUwQSUwQSUzQyUyRmRpdiUzRSUwQSUwQSUzQ3N0eWxlJTNFJTBBJTIwJTIwJTIwJTIwLmRvdCUyMCU3QiUwQSUyMCUyMGRpc3BsYXklM0ElMjBpbmxpbmUtYmxvY2slM0IlMEElMjAlMjB3aWR0aCUzQSUyMDE1cHglM0IlMEElMjAlMjBoZWlnaHQlM0ElMjAxNXB4JTNCJTBBJTIwJTIwYm9yZGVyLXJhZGl1cyUzQSUyMDUwJTI1JTNCJTBBJTIwJTIwYmFja2dyb3VuZC1jb2xvciUzQSUyMCUyM2ZiOTA1ZCUzQiUwQSUyMCUyMG1hcmdpbi1yaWdodCUzQSUyMDEycHglM0IlMEElN0QlMEElMEElMEEuY29udGFpbmVyJTIwLmRvdCUzQW50aC1sYXN0LWNoaWxkJTI4MSUyOSUyMCU3QiUwQSUyMCUyMGFuaW1hdGlvbiUzQSUyMGp1bXBpbmdBbmltYXRpb24lMjAxLjJzJTIwMC42cyUyMGxpbmVhciUyMGluZmluaXRlJTNCJTBBJTdEJTBBLmNvbnRhaW5lciUyMC5kb3QlM0FudGgtbGFzdC1jaGlsZCUyODIlMjklMjAlN0IlMEElMjAlMjBhbmltYXRpb24lM0ElMjBqdW1waW5nQW5pbWF0aW9uJTIwMS4ycyUyMDAuM3MlMjBsaW5lYXIlMjBpbmZpbml0ZSUzQiUwQSU3RCUwQS5jb250YWluZXIlMjAuZG90JTNBbnRoLWxhc3QtY2hpbGQlMjgzJTI5JTIwJTdCJTBBJTIwJTIwYW5pbWF0aW9uJTNBJTIwanVtcGluZ0FuaW1hdGlvbiUyMDEuMnMlMjAwcyUyMGxpbmVhciUyMGluZmluaXRlJTNCJTBBJTdEJTBBJTBBJTQwa2V5ZnJhbWVzJTIwanVtcGluZ0FuaW1hdGlvbiUyMCU3QiUwQSUyMCUyMDAlMjAlN0IlMEElMjAlMjAlMjAlMjB0cmFuc2Zvcm0lM0ElMjB0cmFuc2xhdGUlMjgwJTJDJTIwMCUyOSUzQiUwQSUyMCUyMCU3RCUwQSUyMCUyMDE2JTI1JTIwJTdCJTBBJTIwJTIwJTIwJTIwdHJhbnNmb3JtJTNBJTIwdHJhbnNsYXRlJTI4MCUyQyUyMC0xNXB4JTI5JTNCJTBBJTIwJTIwJTdEJTBBJTIwJTIwMzMlMjUlMjAlN0IlMEElMjAlMjAlMjAlMjB0cmFuc2Zvcm0lM0ElMjB0cmFuc2xhdGUlMjgwJTJDJTIwMCUyOSUzQiUwQSUyMCUyMCU3RCUwQSUyMCUyMDEwMCUyNSUyMCU3QiUwQSUyMCUyMCUyMCUyMHRyYW5zZm9ybSUzQSUyMHRyYW5zbGF0ZSUyODAlMkMlMjAwJTI5JTNCJTBBJTIwJTIwJTdEJTBBJTdEJTBBJTNDJTJGc3R5bGUlM0UlMEElMEElM0NoMSUyMHN0eWxlJTNEJTIybGluZS1oZWlnaHQlM0ElMjBpbml0aWFsJTNCJTIwZm9udC1zaXplJTNBJTIwMTAwcHglM0Jmb250LXdlaWdodCUzQSUyMGJvbGQlM0IlMjBjb2xvciUzQSUyMCUyMzExMSUzQiUyMHRleHQtYWxpZ24lM0FjZW50ZXIlMjIlM0VGQVElM0MlMkZoMSUzRQ==[\/vc_raw_html][vc_column_text] \u00c4r du f\u00f6rvirrad \u00f6ver vad Response and Earn egentligen \u00e4r och hur du kan tj\u00e4na pengar [&hellip;]<\/p>\n","protected":false},"author":1,"featured_media":0,"parent":0,"menu_order":0,"comment_status":"closed","ping_status":"closed","template":"","meta":{"_acf_changed":false,"inline_featured_image":false,"ocean_post_layout":"","ocean_both_sidebars_style":"","ocean_both_sidebars_content_width":0,"ocean_both_sidebars_sidebars_width":0,"ocean_sidebar":"0","ocean_second_sidebar":"0","ocean_disable_margins":"enable","ocean_add_body_class":"","ocean_shortcode_before_top_bar":"","ocean_shortcode_after_top_bar":"","ocean_shortcode_before_header":"","ocean_shortcode_after_header":"","ocean_has_shortcode":"","ocean_shortcode_after_title":"","ocean_shortcode_before_footer_widgets":"","ocean_shortcode_after_footer_widgets":"","ocean_shortcode_before_footer_bottom":"","ocean_shortcode_after_footer_bottom":"","ocean_display_top_bar":"default","ocean_display_header":"default","ocean_header_style":"","ocean_center_header_left_menu":"0","ocean_custom_header_template":"0","ocean_custom_logo":0,"ocean_custom_retina_logo":0,"ocean_custom_logo_max_width":0,"ocean_custom_logo_tablet_max_width":0,"ocean_custom_logo_mobile_max_width":0,"ocean_custom_logo_max_height":0,"ocean_custom_logo_tablet_max_height":0,"ocean_custom_logo_mobile_max_height":0,"ocean_header_custom_menu":"0","ocean_menu_typo_font_family":"0","ocean_menu_typo_font_subset":"","ocean_menu_typo_font_size":0,"ocean_menu_typo_font_size_tablet":0,"ocean_menu_typo_font_size_mobile":0,"ocean_menu_typo_font_size_unit":"px","ocean_menu_typo_font_weight":"","ocean_menu_typo_font_weight_tablet":"","ocean_menu_typo_font_weight_mobile":"","ocean_menu_typo_transform":"","ocean_menu_typo_transform_tablet":"","ocean_menu_typo_transform_mobile":"","ocean_menu_typo_line_height":0,"ocean_menu_typo_line_height_tablet":0,"ocean_menu_typo_line_height_mobile":0,"ocean_menu_typo_line_height_unit":"","ocean_menu_typo_spacing":0,"ocean_menu_typo_spacing_tablet":0,"ocean_menu_typo_spacing_mobile":0,"ocean_menu_typo_spacing_unit":"","ocean_menu_link_color":"","ocean_menu_link_color_hover":"","ocean_menu_link_color_active":"","ocean_menu_link_background":"","ocean_menu_link_hover_background":"","ocean_menu_link_active_background":"","ocean_menu_social_links_bg":"","ocean_menu_social_hover_links_bg":"","ocean_menu_social_links_color":"","ocean_menu_social_hover_links_color":"","ocean_disable_title":"on","ocean_disable_heading":"default","ocean_post_title":"","ocean_post_subheading":"","ocean_post_title_style":"","ocean_post_title_background_color":"","ocean_post_title_background":0,"ocean_post_title_bg_image_position":"","ocean_post_title_bg_image_attachment":"","ocean_post_title_bg_image_repeat":"","ocean_post_title_bg_image_size":"","ocean_post_title_height":0,"ocean_post_title_bg_overlay":0.5,"ocean_post_title_bg_overlay_color":"","ocean_disable_breadcrumbs":"default","ocean_breadcrumbs_color":"","ocean_breadcrumbs_separator_color":"","ocean_breadcrumbs_links_color":"","ocean_breadcrumbs_links_hover_color":"","ocean_display_footer_widgets":"default","ocean_display_footer_bottom":"default","ocean_custom_footer_template":"0","footnotes":""},"class_list":["post-3902","page","type-page","status-publish","hentry","entry"],"acf":[],"yoast_head":"<!-- This site is optimized with the Yoast SEO plugin v27.4 - https:\/\/yoast.com\/product\/yoast-seo-wordpress\/ -->\n<title>F\u00e5 svar p\u00e5 dina fr\u00e5gor om betalda unders\u00f6kningar online<\/title>\n<meta name=\"description\" content=\"Utforska den omfattande FAQ-sektionen f\u00f6r att hitta svar p\u00e5 vanliga fr\u00e5gor om betalda unders\u00f6kningar online. L\u00e4s mer om betalningsmetoder, deltagande i unders\u00f6kningar, kvalificeringskriterier med mera. Din b\u00e4sta resurs f\u00f6r att klarg\u00f6ra tvivel och maximera dina int\u00e4kter genom onlineunders\u00f6kningar.\" \/>\n<meta name=\"robots\" content=\"index, follow, max-snippet:-1, max-image-preview:large, max-video-preview:-1\" \/>\n<link rel=\"canonical\" href=\"http:\/\/responseandearn.com\/sv-se\/faq\/\" \/>\n<meta property=\"og:locale\" content=\"en_US\" \/>\n<meta property=\"og:type\" content=\"article\" \/>\n<meta property=\"og:title\" content=\"F\u00e5 svar p\u00e5 dina fr\u00e5gor om betalda unders\u00f6kningar online\" \/>\n<meta property=\"og:description\" content=\"Utforska den omfattande FAQ-sektionen f\u00f6r att hitta svar p\u00e5 vanliga fr\u00e5gor om betalda unders\u00f6kningar online. L\u00e4s mer om betalningsmetoder, deltagande i unders\u00f6kningar, kvalificeringskriterier med mera. Din b\u00e4sta resurs f\u00f6r att klarg\u00f6ra tvivel och maximera dina int\u00e4kter genom onlineunders\u00f6kningar.\" \/>\n<meta property=\"og:url\" content=\"http:\/\/responseandearn.com\/sv-se\/faq\/\" \/>\n<meta property=\"og:site_name\" content=\"Response &amp; Earn\" \/>\n<meta property=\"article:modified_time\" content=\"2024-07-08T14:51:08+00:00\" \/>\n<meta name=\"twitter:card\" content=\"summary_large_image\" \/>\n<meta name=\"twitter:label1\" content=\"Est. reading time\" \/>\n\t<meta name=\"twitter:data1\" content=\"4 minutes\" \/>\n<script type=\"application\/ld+json\" class=\"yoast-schema-graph\">{\"@context\":\"https:\\\/\\\/schema.org\",\"@graph\":[{\"@type\":\"WebPage\",\"@id\":\"http:\\\/\\\/responseandearn.com\\\/sv-se\\\/faq\\\/\",\"url\":\"http:\\\/\\\/responseandearn.com\\\/sv-se\\\/faq\\\/\",\"name\":\"F\u00e5 svar p\u00e5 dina fr\u00e5gor om betalda unders\u00f6kningar online\",\"isPartOf\":{\"@id\":\"http:\\\/\\\/responseandearn.com\\\/sv-se\\\/#website\"},\"datePublished\":\"2024-03-29T04:39:08+00:00\",\"dateModified\":\"2024-07-08T14:51:08+00:00\",\"description\":\"Utforska den omfattande FAQ-sektionen f\u00f6r att hitta svar p\u00e5 vanliga fr\u00e5gor om betalda unders\u00f6kningar online. L\u00e4s mer om betalningsmetoder, deltagande i unders\u00f6kningar, kvalificeringskriterier med mera. Din b\u00e4sta resurs f\u00f6r att klarg\u00f6ra tvivel och maximera dina int\u00e4kter genom onlineunders\u00f6kningar.\",\"breadcrumb\":{\"@id\":\"http:\\\/\\\/responseandearn.com\\\/sv-se\\\/faq\\\/#breadcrumb\"},\"inLanguage\":\"sv-se\",\"potentialAction\":[{\"@type\":\"ReadAction\",\"target\":[\"http:\\\/\\\/responseandearn.com\\\/sv-se\\\/faq\\\/\"]}]},{\"@type\":\"BreadcrumbList\",\"@id\":\"http:\\\/\\\/responseandearn.com\\\/sv-se\\\/faq\\\/#breadcrumb\",\"itemListElement\":[{\"@type\":\"ListItem\",\"position\":1,\"name\":\"Home\",\"item\":\"http:\\\/\\\/responseandearn.com\\\/sv-se\\\/\"},{\"@type\":\"ListItem\",\"position\":2,\"name\":\"FAQs\"}]},{\"@type\":\"WebSite\",\"@id\":\"http:\\\/\\\/responseandearn.com\\\/sv-se\\\/#website\",\"url\":\"http:\\\/\\\/responseandearn.com\\\/sv-se\\\/\",\"name\":\"Response &amp; Earn\",\"description\":\"\",\"publisher\":{\"@id\":\"http:\\\/\\\/responseandearn.com\\\/sv-se\\\/#organization\"},\"potentialAction\":[{\"@type\":\"SearchAction\",\"target\":{\"@type\":\"EntryPoint\",\"urlTemplate\":\"http:\\\/\\\/responseandearn.com\\\/sv-se\\\/?s={search_term_string}\"},\"query-input\":{\"@type\":\"PropertyValueSpecification\",\"valueRequired\":true,\"valueName\":\"search_term_string\"}}],\"inLanguage\":\"sv-se\"},{\"@type\":\"Organization\",\"@id\":\"http:\\\/\\\/responseandearn.com\\\/sv-se\\\/#organization\",\"name\":\"Response &amp; Earn\",\"url\":\"http:\\\/\\\/responseandearn.com\\\/sv-se\\\/\",\"logo\":{\"@type\":\"ImageObject\",\"inLanguage\":\"sv-se\",\"@id\":\"http:\\\/\\\/responseandearn.com\\\/sv-se\\\/#\\\/schema\\\/logo\\\/image\\\/\",\"url\":\"http:\\\/\\\/responseandearn.com\\\/wp-content\\\/uploads\\\/2024\\\/03\\\/logo_site-1.png\",\"contentUrl\":\"http:\\\/\\\/responseandearn.com\\\/wp-content\\\/uploads\\\/2024\\\/03\\\/logo_site-1.png\",\"width\":168,\"height\":47,\"caption\":\"Response &amp; Earn\"},\"image\":{\"@id\":\"http:\\\/\\\/responseandearn.com\\\/sv-se\\\/#\\\/schema\\\/logo\\\/image\\\/\"}}]}<\/script>\n<!-- \/ Yoast SEO plugin. -->","yoast_head_json":{"title":"F\u00e5 svar p\u00e5 dina fr\u00e5gor om betalda unders\u00f6kningar online","description":"Utforska den omfattande FAQ-sektionen f\u00f6r att hitta svar p\u00e5 vanliga fr\u00e5gor om betalda unders\u00f6kningar online. L\u00e4s mer om betalningsmetoder, deltagande i unders\u00f6kningar, kvalificeringskriterier med mera. Din b\u00e4sta resurs f\u00f6r att klarg\u00f6ra tvivel och maximera dina int\u00e4kter genom onlineunders\u00f6kningar.","robots":{"index":"index","follow":"follow","max-snippet":"max-snippet:-1","max-image-preview":"max-image-preview:large","max-video-preview":"max-video-preview:-1"},"canonical":"http:\/\/responseandearn.com\/sv-se\/faq\/","og_locale":"en_US","og_type":"article","og_title":"F\u00e5 svar p\u00e5 dina fr\u00e5gor om betalda unders\u00f6kningar online","og_description":"Utforska den omfattande FAQ-sektionen f\u00f6r att hitta svar p\u00e5 vanliga fr\u00e5gor om betalda unders\u00f6kningar online. L\u00e4s mer om betalningsmetoder, deltagande i unders\u00f6kningar, kvalificeringskriterier med mera. Din b\u00e4sta resurs f\u00f6r att klarg\u00f6ra tvivel och maximera dina int\u00e4kter genom onlineunders\u00f6kningar.","og_url":"http:\/\/responseandearn.com\/sv-se\/faq\/","og_site_name":"Response &amp; Earn","article_modified_time":"2024-07-08T14:51:08+00:00","twitter_card":"summary_large_image","twitter_misc":{"Est. reading time":"4 minutes"},"schema":{"@context":"https:\/\/schema.org","@graph":[{"@type":"WebPage","@id":"http:\/\/responseandearn.com\/sv-se\/faq\/","url":"http:\/\/responseandearn.com\/sv-se\/faq\/","name":"F\u00e5 svar p\u00e5 dina fr\u00e5gor om betalda unders\u00f6kningar online","isPartOf":{"@id":"http:\/\/responseandearn.com\/sv-se\/#website"},"datePublished":"2024-03-29T04:39:08+00:00","dateModified":"2024-07-08T14:51:08+00:00","description":"Utforska den omfattande FAQ-sektionen f\u00f6r att hitta svar p\u00e5 vanliga fr\u00e5gor om betalda unders\u00f6kningar online. L\u00e4s mer om betalningsmetoder, deltagande i unders\u00f6kningar, kvalificeringskriterier med mera. Din b\u00e4sta resurs f\u00f6r att klarg\u00f6ra tvivel och maximera dina int\u00e4kter genom onlineunders\u00f6kningar.","breadcrumb":{"@id":"http:\/\/responseandearn.com\/sv-se\/faq\/#breadcrumb"},"inLanguage":"sv-se","potentialAction":[{"@type":"ReadAction","target":["http:\/\/responseandearn.com\/sv-se\/faq\/"]}]},{"@type":"BreadcrumbList","@id":"http:\/\/responseandearn.com\/sv-se\/faq\/#breadcrumb","itemListElement":[{"@type":"ListItem","position":1,"name":"Home","item":"http:\/\/responseandearn.com\/sv-se\/"},{"@type":"ListItem","position":2,"name":"FAQs"}]},{"@type":"WebSite","@id":"http:\/\/responseandearn.com\/sv-se\/#website","url":"http:\/\/responseandearn.com\/sv-se\/","name":"Response &amp; Earn","description":"","publisher":{"@id":"http:\/\/responseandearn.com\/sv-se\/#organization"},"potentialAction":[{"@type":"SearchAction","target":{"@type":"EntryPoint","urlTemplate":"http:\/\/responseandearn.com\/sv-se\/?s={search_term_string}"},"query-input":{"@type":"PropertyValueSpecification","valueRequired":true,"valueName":"search_term_string"}}],"inLanguage":"sv-se"},{"@type":"Organization","@id":"http:\/\/responseandearn.com\/sv-se\/#organization","name":"Response &amp; Earn","url":"http:\/\/responseandearn.com\/sv-se\/","logo":{"@type":"ImageObject","inLanguage":"sv-se","@id":"http:\/\/responseandearn.com\/sv-se\/#\/schema\/logo\/image\/","url":"http:\/\/responseandearn.com\/wp-content\/uploads\/2024\/03\/logo_site-1.png","contentUrl":"http:\/\/responseandearn.com\/wp-content\/uploads\/2024\/03\/logo_site-1.png","width":168,"height":47,"caption":"Response &amp; Earn"},"image":{"@id":"http:\/\/responseandearn.com\/sv-se\/#\/schema\/logo\/image\/"}}]}},"_links":{"self":[{"href":"http:\/\/responseandearn.com\/sv-se\/wp-json\/wp\/v2\/pages\/3902","targetHints":{"allow":["GET"]}}],"collection":[{"href":"http:\/\/responseandearn.com\/sv-se\/wp-json\/wp\/v2\/pages"}],"about":[{"href":"http:\/\/responseandearn.com\/sv-se\/wp-json\/wp\/v2\/types\/page"}],"author":[{"embeddable":true,"href":"http:\/\/responseandearn.com\/sv-se\/wp-json\/wp\/v2\/users\/1"}],"replies":[{"embeddable":true,"href":"http:\/\/responseandearn.com\/sv-se\/wp-json\/wp\/v2\/comments?post=3902"}],"version-history":[{"count":2,"href":"http:\/\/responseandearn.com\/sv-se\/wp-json\/wp\/v2\/pages\/3902\/revisions"}],"predecessor-version":[{"id":3992,"href":"http:\/\/responseandearn.com\/sv-se\/wp-json\/wp\/v2\/pages\/3902\/revisions\/3992"}],"wp:attachment":[{"href":"http:\/\/responseandearn.com\/sv-se\/wp-json\/wp\/v2\/media?parent=3902"}],"curies":[{"name":"wp","href":"https:\/\/api.w.org\/{rel}","templated":true}]}}