{"id":4519,"date":"2024-03-29T04:39:08","date_gmt":"2024-03-29T04:39:08","guid":{"rendered":"https:\/\/responseandearn.com\/faq\/"},"modified":"2024-07-09T16:09:22","modified_gmt":"2024-07-09T16:09:22","slug":"faq","status":"publish","type":"page","link":"http:\/\/responseandearn.com\/no-no\/faq\/","title":{"rendered":"FAQs"},"content":{"rendered":"<div class=\"wpb-content-wrapper\"><p>[vc_row css=&#8221;.vc_custom_1711683198509{margin-top: 100px !important;margin-bottom: 100px !important;}&#8221; el_class=&#8221;home_sec_10&#8243;][vc_column width=&#8221;1\/6&#8243;][\/vc_column][vc_column width=&#8221;2\/3&#8243;][vc_raw_html]JTNDZGl2JTIwY2xhc3MlM0QlMjJjb250YWluZXIlMjIlMjBzdHlsZSUzRCUyMnRleHQtYWxpZ24lM0FjZW50ZXIlM0JtYXJnaW4tYm90dG9tJTNBJTIwNDBweCUzQiUyMiUzRSUwQSUyMCUyMCUzQ2RpdiUyMGNsYXNzJTNEJTIyZG90JTIyJTNFJTNDJTJGZGl2JTNFJTBBJTIwJTIwJTNDZGl2JTIwY2xhc3MlM0QlMjJkb3QlMjIlM0UlM0MlMkZkaXYlM0UlMEElMjAlMjAlM0NkaXYlMjBjbGFzcyUzRCUyMmRvdCUyMiUzRSUzQyUyRmRpdiUzRSUwQSUwQSUzQyUyRmRpdiUzRSUwQSUwQSUzQ3N0eWxlJTNFJTBBJTIwJTIwJTIwJTIwLmRvdCUyMCU3QiUwQSUyMCUyMGRpc3BsYXklM0ElMjBpbmxpbmUtYmxvY2slM0IlMEElMjAlMjB3aWR0aCUzQSUyMDE1cHglM0IlMEElMjAlMjBoZWlnaHQlM0ElMjAxNXB4JTNCJTBBJTIwJTIwYm9yZGVyLXJhZGl1cyUzQSUyMDUwJTI1JTNCJTBBJTIwJTIwYmFja2dyb3VuZC1jb2xvciUzQSUyMCUyM2ZiOTA1ZCUzQiUwQSUyMCUyMG1hcmdpbi1yaWdodCUzQSUyMDEycHglM0IlMEElN0QlMEElMEElMEEuY29udGFpbmVyJTIwLmRvdCUzQW50aC1sYXN0LWNoaWxkJTI4MSUyOSUyMCU3QiUwQSUyMCUyMGFuaW1hdGlvbiUzQSUyMGp1bXBpbmdBbmltYXRpb24lMjAxLjJzJTIwMC42cyUyMGxpbmVhciUyMGluZmluaXRlJTNCJTBBJTdEJTBBLmNvbnRhaW5lciUyMC5kb3QlM0FudGgtbGFzdC1jaGlsZCUyODIlMjklMjAlN0IlMEElMjAlMjBhbmltYXRpb24lM0ElMjBqdW1waW5nQW5pbWF0aW9uJTIwMS4ycyUyMDAuM3MlMjBsaW5lYXIlMjBpbmZpbml0ZSUzQiUwQSU3RCUwQS5jb250YWluZXIlMjAuZG90JTNBbnRoLWxhc3QtY2hpbGQlMjgzJTI5JTIwJTdCJTBBJTIwJTIwYW5pbWF0aW9uJTNBJTIwanVtcGluZ0FuaW1hdGlvbiUyMDEuMnMlMjAwcyUyMGxpbmVhciUyMGluZmluaXRlJTNCJTBBJTdEJTBBJTBBJTQwa2V5ZnJhbWVzJTIwanVtcGluZ0FuaW1hdGlvbiUyMCU3QiUwQSUyMCUyMDAlMjAlN0IlMEElMjAlMjAlMjAlMjB0cmFuc2Zvcm0lM0ElMjB0cmFuc2xhdGUlMjgwJTJDJTIwMCUyOSUzQiUwQSUyMCUyMCU3RCUwQSUyMCUyMDE2JTI1JTIwJTdCJTBBJTIwJTIwJTIwJTIwdHJhbnNmb3JtJTNBJTIwdHJhbnNsYXRlJTI4MCUyQyUyMC0xNXB4JTI5JTNCJTBBJTIwJTIwJTdEJTBBJTIwJTIwMzMlMjUlMjAlN0IlMEElMjAlMjAlMjAlMjB0cmFuc2Zvcm0lM0ElMjB0cmFuc2xhdGUlMjgwJTJDJTIwMCUyOSUzQiUwQSUyMCUyMCU3RCUwQSUyMCUyMDEwMCUyNSUyMCU3QiUwQSUyMCUyMCUyMCUyMHRyYW5zZm9ybSUzQSUyMHRyYW5zbGF0ZSUyODAlMkMlMjAwJTI5JTNCJTBBJTIwJTIwJTdEJTBBJTdEJTBBJTNDJTJGc3R5bGUlM0UlMEElMEElM0NoMSUyMHN0eWxlJTNEJTIybGluZS1oZWlnaHQlM0ElMjBpbml0aWFsJTNCJTIwZm9udC1zaXplJTNBJTIwMTAwcHglM0Jmb250LXdlaWdodCUzQSUyMGJvbGQlM0IlMjBjb2xvciUzQSUyMCUyMzExMSUzQiUyMHRleHQtYWxpZ24lM0FjZW50ZXIlMjIlM0VWYW5saWdlJTIwc3AlQzMlQjhyc20lQzMlQTVsJTBBJTNDJTJGaDElM0U=[\/vc_raw_html][vc_column_text]<\/p>\n<p style=\"text-align: center;\"><span style=\"font-weight: 400;\">Forvirret om hva Response and Earn er og hvordan du kan tjene penger gjennom unders\u00f8kelser i Norway? Utforsk svar p\u00e5 vanlige sp\u00f8rsm\u00e5l om plattformen v\u00e5r, da vi tar sikte p\u00e5 \u00e5 gj\u00f8re det mulig \u00e5 tjene en s\u00f8ml\u00f8s opplevelse for alle.\u00a0<\/span><\/p>\n<p>[\/vc_column_text][\/vc_column][vc_column width=&#8221;1\/6&#8243;][\/vc_column][\/vc_row][vc_row css=&#8221;.vc_custom_1711595976997{margin-top: 100px !important;margin-bottom: 100px !important;}&#8221; el_class=&#8221;home_sec_8&#8243;][vc_column][vc_custom_heading text=&#8221;ofte stilte sp\u00f8rsm\u00e5l<br \/>\n&#8221; font_container=&#8221;tag:h2|text_align:center|color:%23111111&#8243; use_theme_fonts=&#8221;yes&#8221; css=&#8221;.vc_custom_1720541170365{margin-bottom: 100px !important;}&#8221;][vc_toggle title=&#8221;Hva er respons og tjen?&#8221; style=&#8221;arrow&#8221; color=&#8221;sandy_brown&#8221;]<span style=\"font-weight: 400;\">Response and Earn er et NORWAY-firma som ledes av markedsforskere som rekrutterer folk til betalte unders\u00f8kelser og fokusgrupper. Vi f\u00e5r de st\u00f8rre organisasjonene og selskapene til \u00e5 h\u00f8re din innsikt om deres produkter og tjenester, slik at de kan forbedre seg tilsvarende. Vi kompenserer deg for din tid og verdifulle respons.\u00a0<\/span>[\/vc_toggle][vc_toggle title=&#8221;Tilbyr Response and Earn lovlige penger til unders\u00f8kelser?&#8221; style=&#8221;arrow&#8221; color=&#8221;sandy_brown&#8221;]<span style=\"font-weight: 400;\">Ja, bel\u00f8nningen v\u00e5r for sp\u00f8rreunders\u00f8kelser er 100 % lovlig. Vi bel\u00f8nner deg for din tid og verdifulle innsikt. Du hjelper bedrifter med \u00e5 forbedre sine produkter og tjenester; Til gjengjeld tilbyr vi kontantbel\u00f8nninger og gavekort som er helt lovlige.\u00a0<\/span>[\/vc_toggle][vc_toggle title=&#8221;Hvordan kan jeg bli med i Response and Earn?&#8221; style=&#8221;arrow&#8221; color=&#8221;sandy_brown&#8221;]<span style=\"font-weight: 400;\">Du kan bli med i Response and Earn ved \u00e5 registrere deg p\u00e5 plattformen v\u00e5r. For det m\u00e5 du fylle ut registreringsskjemaet v\u00e5rt ved \u00e5 oppgi alle n\u00f8dvendige detaljer, inkludert kontakt, bakgrunn og interesse. Med dette vil du bli en del av samfunnet v\u00e5rt, og vi vil varsle deg n\u00e5r noen studier samsvarer med profilen din.\u00a0<\/span>[\/vc_toggle][vc_toggle title=&#8221;M\u00e5 jeg betale registreringsavgift p\u00e5 Response and Earn? &#8221; style=&#8221;arrow&#8221; color=&#8221;sandy_brown&#8221;]<span style=\"font-weight: 400;\">Nei, du trenger ikke \u00e5 betale registreringsavgifter hos Reponse and Earn. V\u00e5r side tilbyr 100% gratis unders\u00f8kelser der du kan tjene ulike gavekort og kontantbel\u00f8nninger.\u00a0<\/span>[\/vc_toggle][vc_toggle title=&#8221;Hvordan kan jeg f\u00e5 vennene mine til \u00e5 bli med i Response and Earn?&#8221; style=&#8221;arrow&#8221; color=&#8221;sandy_brown&#8221;]<span style=\"font-weight: 400;\">Venner som tjener sammen, holder sammen. For \u00e5 f\u00e5 vennene dine til \u00e5 bli med i Response og tjene, del plattformens lenke med dem via e-post eller tekst.\u00a0<\/span>[\/vc_toggle][vc_toggle title=&#8221;Jeg ble med p\u00e5 plattformen, men har ikke blitt valgt ut til noen studie, hvorfor?&#8221; style=&#8221;arrow&#8221; color=&#8221;sandy_brown&#8221;]<span style=\"font-weight: 400;\">Enkeltpersoner velges n\u00e5r profilen deres samsvarer med en studie, som spesifiseres av v\u00e5re kunder i henhold til produktene eller tjenestene de tilbyr. V\u00e5re rekrutterere pr\u00f8ver sitt beste for \u00e5 velge den beste matchen for studiene; Men noen ganger er sporene begrenset, p\u00e5 grunn av hvilke mange mennesker forblir uvalgt. Men ikke mist h\u00e5pet; Vi fortsetter \u00e5 oppdatere nye studier, og du vil bli valgt om kort tid hvis du er en aktiv bruker.\u00a0<\/span>[\/vc_toggle][vc_toggle title=&#8221;Hvor mye kan jeg tjene p\u00e5 en m\u00e5ned gjennom unders\u00f8kelser?&#8221; style=&#8221;arrow&#8221; color=&#8221;sandy_brown&#8221;]<span style=\"font-weight: 400;\">Du kan tjene s\u00e5 mye du kan. Det avhenger helt av tilgjengeligheten din og hvor mange unders\u00f8kelser du tar i l\u00f8pet av en m\u00e5ned.<\/span>[\/vc_toggle][vc_toggle title=&#8221;Hvorfor har jeg ikke f\u00e5tt betaling etter \u00e5 ha deltatt i fokusgruppen?&#8221; style=&#8221;arrow&#8221; color=&#8221;sandy_brown&#8221;]<span style=\"font-weight: 400;\">Vi pr\u00f8ver v\u00e5rt beste for \u00e5 sende betalingene i tide, men hvis du m\u00f8ter noen forsinkelser, beklager vi det oppriktig. Du kan kontakte oss n\u00e5, slik at vi kan l\u00f8se problemet ditt s\u00e5 snart som mulig.<\/span>[\/vc_toggle][vc_toggle title=&#8221;M\u00e5 jeg v\u00e6re ekspert p\u00e5 noe for \u00e5 delta i studien?&#8221; style=&#8221;arrow&#8221; color=&#8221;sandy_brown&#8221;]<span style=\"font-weight: 400;\">Nei, du trenger ikke \u00e5 v\u00e6re ekspert p\u00e5 noe for \u00e5 v\u00e6re en del av v\u00e5re studier. Du m\u00e5 bare dele dine ekte meninger med oss. S\u00e5 enkelt er det.\u00a0<\/span>[\/vc_toggle][vc_toggle title=&#8221;Hvordan kan jeg gjenopprette mitt tapte brukernavn og passord?&#8221; style=&#8221;arrow&#8221; color=&#8221;sandy_brown&#8221;]<span style=\"font-weight: 400;\">Hvis du har glemt brukernavnet og passordet ditt, sender du oss e-postadressen din, s\u00e5 sender vi innloggingsinformasjonen din til e-posten din.\u00a0<\/span>[\/vc_toggle][vc_toggle title=&#8221;Hvordan kan jeg endre profilinformasjonen min?&#8221; style=&#8221;arrow&#8221; color=&#8221;sandy_brown&#8221;]<span style=\"font-weight: 400;\">Du kan endre profilinformasjonen din ved \u00e5 g\u00e5 til din personlige profil. S\u00f8rg for \u00e5 fylle ut alle detaljer om deg slik at vi kan sende relevante unders\u00f8kelser til deg.\u00a0<\/span>[\/vc_toggle][vc_toggle title=&#8221;Hvordan kan jeg motta betalinger til kontoen min?&#8221; style=&#8221;arrow&#8221; color=&#8221;sandy_brown&#8221;]<span style=\"font-weight: 400;\">For \u00e5 motta betalinger til kontoen din, g\u00e5 til profilen din, klikk p\u00e5 \u00abL\u00f8s inn bel\u00f8nninger\u00bb og f\u00f8lg instruksjonene p\u00e5 skjermen.\u00a0<\/span>[\/vc_toggle][vc_toggle title=&#8221;Hvordan kan jeg avslutte medlemskapet mitt?&#8221; style=&#8221;arrow&#8221; color=&#8221;sandy_brown&#8221;]<span style=\"font-weight: 400;\">Du kan forlate Response og Tjen n\u00e5r du vil. Du m\u00e5 bare sende oss en e-post p\u00e5 <\/span><a href=\"mailto:info@responseandearn.com\"><span style=\"font-weight: 400;\">info@responseandearn.com<\/span><\/a><span style=\"font-weight: 400;\"> og be oss om \u00e5 kansellere medlemskapet ditt. Du kan ogs\u00e5 slette kontoen din direkte fra profilen din.\u00a0<\/span>[\/vc_toggle][vc_toggle title=&#8221;Vil mine opplysninger forbli konfidensielle?&#8221; style=&#8221;arrow&#8221; color=&#8221;sandy_brown&#8221;]<span style=\"font-weight: 400;\">Vi holder din personlige informasjon 100% konfidensiell. Vi deler det bare med v\u00e5re kunder slik at du kan bli matchet med de nye studiene. Vi deler aldri noe av informasjonen din med en tredjepart.\u00a0<\/span>[\/vc_toggle][\/vc_column][\/vc_row]<\/p>\n<\/div>","protected":false},"excerpt":{"rendered":"<p>[vc_row css=&#8221;.vc_custom_1711683198509{margin-top: 100px !important;margin-bottom: 100px !important;}&#8221; el_class=&#8221;home_sec_10&#8243;][vc_column width=&#8221;1\/6&#8243;][\/vc_column][vc_column width=&#8221;2\/3&#8243;][vc_raw_html]JTNDZGl2JTIwY2xhc3MlM0QlMjJjb250YWluZXIlMjIlMjBzdHlsZSUzRCUyMnRleHQtYWxpZ24lM0FjZW50ZXIlM0JtYXJnaW4tYm90dG9tJTNBJTIwNDBweCUzQiUyMiUzRSUwQSUyMCUyMCUzQ2RpdiUyMGNsYXNzJTNEJTIyZG90JTIyJTNFJTNDJTJGZGl2JTNFJTBBJTIwJTIwJTNDZGl2JTIwY2xhc3MlM0QlMjJkb3QlMjIlM0UlM0MlMkZkaXYlM0UlMEElMjAlMjAlM0NkaXYlMjBjbGFzcyUzRCUyMmRvdCUyMiUzRSUzQyUyRmRpdiUzRSUwQSUwQSUzQyUyRmRpdiUzRSUwQSUwQSUzQ3N0eWxlJTNFJTBBJTIwJTIwJTIwJTIwLmRvdCUyMCU3QiUwQSUyMCUyMGRpc3BsYXklM0ElMjBpbmxpbmUtYmxvY2slM0IlMEElMjAlMjB3aWR0aCUzQSUyMDE1cHglM0IlMEElMjAlMjBoZWlnaHQlM0ElMjAxNXB4JTNCJTBBJTIwJTIwYm9yZGVyLXJhZGl1cyUzQSUyMDUwJTI1JTNCJTBBJTIwJTIwYmFja2dyb3VuZC1jb2xvciUzQSUyMCUyM2ZiOTA1ZCUzQiUwQSUyMCUyMG1hcmdpbi1yaWdodCUzQSUyMDEycHglM0IlMEElN0QlMEElMEElMEEuY29udGFpbmVyJTIwLmRvdCUzQW50aC1sYXN0LWNoaWxkJTI4MSUyOSUyMCU3QiUwQSUyMCUyMGFuaW1hdGlvbiUzQSUyMGp1bXBpbmdBbmltYXRpb24lMjAxLjJzJTIwMC42cyUyMGxpbmVhciUyMGluZmluaXRlJTNCJTBBJTdEJTBBLmNvbnRhaW5lciUyMC5kb3QlM0FudGgtbGFzdC1jaGlsZCUyODIlMjklMjAlN0IlMEElMjAlMjBhbmltYXRpb24lM0ElMjBqdW1waW5nQW5pbWF0aW9uJTIwMS4ycyUyMDAuM3MlMjBsaW5lYXIlMjBpbmZpbml0ZSUzQiUwQSU3RCUwQS5jb250YWluZXIlMjAuZG90JTNBbnRoLWxhc3QtY2hpbGQlMjgzJTI5JTIwJTdCJTBBJTIwJTIwYW5pbWF0aW9uJTNBJTIwanVtcGluZ0FuaW1hdGlvbiUyMDEuMnMlMjAwcyUyMGxpbmVhciUyMGluZmluaXRlJTNCJTBBJTdEJTBBJTBBJTQwa2V5ZnJhbWVzJTIwanVtcGluZ0FuaW1hdGlvbiUyMCU3QiUwQSUyMCUyMDAlMjAlN0IlMEElMjAlMjAlMjAlMjB0cmFuc2Zvcm0lM0ElMjB0cmFuc2xhdGUlMjgwJTJDJTIwMCUyOSUzQiUwQSUyMCUyMCU3RCUwQSUyMCUyMDE2JTI1JTIwJTdCJTBBJTIwJTIwJTIwJTIwdHJhbnNmb3JtJTNBJTIwdHJhbnNsYXRlJTI4MCUyQyUyMC0xNXB4JTI5JTNCJTBBJTIwJTIwJTdEJTBBJTIwJTIwMzMlMjUlMjAlN0IlMEElMjAlMjAlMjAlMjB0cmFuc2Zvcm0lM0ElMjB0cmFuc2xhdGUlMjgwJTJDJTIwMCUyOSUzQiUwQSUyMCUyMCU3RCUwQSUyMCUyMDEwMCUyNSUyMCU3QiUwQSUyMCUyMCUyMCUyMHRyYW5zZm9ybSUzQSUyMHRyYW5zbGF0ZSUyODAlMkMlMjAwJTI5JTNCJTBBJTIwJTIwJTdEJTBBJTdEJTBBJTNDJTJGc3R5bGUlM0UlMEElMEElM0NoMSUyMHN0eWxlJTNEJTIybGluZS1oZWlnaHQlM0ElMjBpbml0aWFsJTNCJTIwZm9udC1zaXplJTNBJTIwMTAwcHglM0Jmb250LXdlaWdodCUzQSUyMGJvbGQlM0IlMjBjb2xvciUzQSUyMCUyMzExMSUzQiUyMHRleHQtYWxpZ24lM0FjZW50ZXIlMjIlM0VWYW5saWdlJTIwc3AlQzMlQjhyc20lQzMlQTVsJTBBJTNDJTJGaDElM0U=[\/vc_raw_html][vc_column_text] Forvirret om hva Response and Earn er og hvordan du kan tjene penger gjennom unders\u00f8kelser i [&hellip;]<\/p>\n","protected":false},"author":1,"featured_media":0,"parent":0,"menu_order":0,"comment_status":"closed","ping_status":"closed","template":"","meta":{"_acf_changed":false,"inline_featured_image":false,"ocean_post_layout":"","ocean_both_sidebars_style":"","ocean_both_sidebars_content_width":0,"ocean_both_sidebars_sidebars_width":0,"ocean_sidebar":"0","ocean_second_sidebar":"0","ocean_disable_margins":"enable","ocean_add_body_class":"","ocean_shortcode_before_top_bar":"","ocean_shortcode_after_top_bar":"","ocean_shortcode_before_header":"","ocean_shortcode_after_header":"","ocean_has_shortcode":"","ocean_shortcode_after_title":"","ocean_shortcode_before_footer_widgets":"","ocean_shortcode_after_footer_widgets":"","ocean_shortcode_before_footer_bottom":"","ocean_shortcode_after_footer_bottom":"","ocean_display_top_bar":"default","ocean_display_header":"default","ocean_header_style":"","ocean_center_header_left_menu":"0","ocean_custom_header_template":"0","ocean_custom_logo":0,"ocean_custom_retina_logo":0,"ocean_custom_logo_max_width":0,"ocean_custom_logo_tablet_max_width":0,"ocean_custom_logo_mobile_max_width":0,"ocean_custom_logo_max_height":0,"ocean_custom_logo_tablet_max_height":0,"ocean_custom_logo_mobile_max_height":0,"ocean_header_custom_menu":"0","ocean_menu_typo_font_family":"0","ocean_menu_typo_font_subset":"","ocean_menu_typo_font_size":0,"ocean_menu_typo_font_size_tablet":0,"ocean_menu_typo_font_size_mobile":0,"ocean_menu_typo_font_size_unit":"px","ocean_menu_typo_font_weight":"","ocean_menu_typo_font_weight_tablet":"","ocean_menu_typo_font_weight_mobile":"","ocean_menu_typo_transform":"","ocean_menu_typo_transform_tablet":"","ocean_menu_typo_transform_mobile":"","ocean_menu_typo_line_height":0,"ocean_menu_typo_line_height_tablet":0,"ocean_menu_typo_line_height_mobile":0,"ocean_menu_typo_line_height_unit":"","ocean_menu_typo_spacing":0,"ocean_menu_typo_spacing_tablet":0,"ocean_menu_typo_spacing_mobile":0,"ocean_menu_typo_spacing_unit":"","ocean_menu_link_color":"","ocean_menu_link_color_hover":"","ocean_menu_link_color_active":"","ocean_menu_link_background":"","ocean_menu_link_hover_background":"","ocean_menu_link_active_background":"","ocean_menu_social_links_bg":"","ocean_menu_social_hover_links_bg":"","ocean_menu_social_links_color":"","ocean_menu_social_hover_links_color":"","ocean_disable_title":"on","ocean_disable_heading":"default","ocean_post_title":"","ocean_post_subheading":"","ocean_post_title_style":"","ocean_post_title_background_color":"","ocean_post_title_background":0,"ocean_post_title_bg_image_position":"","ocean_post_title_bg_image_attachment":"","ocean_post_title_bg_image_repeat":"","ocean_post_title_bg_image_size":"","ocean_post_title_height":0,"ocean_post_title_bg_overlay":0.5,"ocean_post_title_bg_overlay_color":"","ocean_disable_breadcrumbs":"default","ocean_breadcrumbs_color":"","ocean_breadcrumbs_separator_color":"","ocean_breadcrumbs_links_color":"","ocean_breadcrumbs_links_hover_color":"","ocean_display_footer_widgets":"default","ocean_display_footer_bottom":"default","ocean_custom_footer_template":"0","footnotes":""},"class_list":["post-4519","page","type-page","status-publish","hentry","entry"],"acf":[],"yoast_head":"<!-- This site is optimized with the Yoast SEO plugin v27.4 - https:\/\/yoast.com\/product\/yoast-seo-wordpress\/ -->\n<title>F\u00e5 svar p\u00e5 dine sp\u00f8rsm\u00e5l om betalte sp\u00f8rreunders\u00f8kelser p\u00e5 nett | Response &amp; Earn NORWAY<\/title>\n<meta name=\"description\" content=\"Utforsk den omfattende FAQ-delen for \u00e5 finne svar p\u00e5 vanlige sp\u00f8rsm\u00e5l om betalte sp\u00f8rreunders\u00f8kelser p\u00e5 nett. Finn ut mer om betalingsm\u00e5ter, deltakelse i sp\u00f8rreunders\u00f8kelser, kvalifikasjonskriterier og mer. Din go-to ressurs for \u00e5 avklare tvil og maksimere inntektene dine gjennom online unders\u00f8kelser.\" \/>\n<meta name=\"robots\" content=\"index, follow, max-snippet:-1, max-image-preview:large, max-video-preview:-1\" \/>\n<link rel=\"canonical\" href=\"http:\/\/responseandearn.com\/no-no\/faq\/\" \/>\n<meta property=\"og:locale\" content=\"en_US\" \/>\n<meta property=\"og:type\" content=\"article\" \/>\n<meta property=\"og:title\" content=\"F\u00e5 svar p\u00e5 dine sp\u00f8rsm\u00e5l om betalte sp\u00f8rreunders\u00f8kelser p\u00e5 nett | Response &amp; Earn NORWAY\" \/>\n<meta property=\"og:description\" content=\"Utforsk den omfattende FAQ-delen for \u00e5 finne svar p\u00e5 vanlige sp\u00f8rsm\u00e5l om betalte sp\u00f8rreunders\u00f8kelser p\u00e5 nett. Finn ut mer om betalingsm\u00e5ter, deltakelse i sp\u00f8rreunders\u00f8kelser, kvalifikasjonskriterier og mer. Din go-to ressurs for \u00e5 avklare tvil og maksimere inntektene dine gjennom online unders\u00f8kelser.\" \/>\n<meta property=\"og:url\" content=\"http:\/\/responseandearn.com\/no-no\/faq\/\" \/>\n<meta property=\"og:site_name\" content=\"Response &amp; Earn\" \/>\n<meta property=\"article:modified_time\" content=\"2024-07-09T16:09:22+00:00\" \/>\n<meta name=\"twitter:card\" content=\"summary_large_image\" \/>\n<meta name=\"twitter:label1\" content=\"Est. reading time\" \/>\n\t<meta name=\"twitter:data1\" content=\"4 minutes\" \/>\n<script type=\"application\/ld+json\" class=\"yoast-schema-graph\">{\"@context\":\"https:\\\/\\\/schema.org\",\"@graph\":[{\"@type\":\"WebPage\",\"@id\":\"http:\\\/\\\/responseandearn.com\\\/no-no\\\/faq\\\/\",\"url\":\"http:\\\/\\\/responseandearn.com\\\/no-no\\\/faq\\\/\",\"name\":\"F\u00e5 svar p\u00e5 dine sp\u00f8rsm\u00e5l om betalte sp\u00f8rreunders\u00f8kelser p\u00e5 nett | Response & Earn NORWAY\",\"isPartOf\":{\"@id\":\"http:\\\/\\\/responseandearn.com\\\/no-no\\\/#website\"},\"datePublished\":\"2024-03-29T04:39:08+00:00\",\"dateModified\":\"2024-07-09T16:09:22+00:00\",\"description\":\"Utforsk den omfattende FAQ-delen for \u00e5 finne svar p\u00e5 vanlige sp\u00f8rsm\u00e5l om betalte sp\u00f8rreunders\u00f8kelser p\u00e5 nett. Finn ut mer om betalingsm\u00e5ter, deltakelse i sp\u00f8rreunders\u00f8kelser, kvalifikasjonskriterier og mer. Din go-to ressurs for \u00e5 avklare tvil og maksimere inntektene dine gjennom online unders\u00f8kelser.\",\"breadcrumb\":{\"@id\":\"http:\\\/\\\/responseandearn.com\\\/no-no\\\/faq\\\/#breadcrumb\"},\"inLanguage\":\"no-no\",\"potentialAction\":[{\"@type\":\"ReadAction\",\"target\":[\"http:\\\/\\\/responseandearn.com\\\/no-no\\\/faq\\\/\"]}]},{\"@type\":\"BreadcrumbList\",\"@id\":\"http:\\\/\\\/responseandearn.com\\\/no-no\\\/faq\\\/#breadcrumb\",\"itemListElement\":[{\"@type\":\"ListItem\",\"position\":1,\"name\":\"Home\",\"item\":\"http:\\\/\\\/responseandearn.com\\\/no-no\\\/\"},{\"@type\":\"ListItem\",\"position\":2,\"name\":\"FAQs\"}]},{\"@type\":\"WebSite\",\"@id\":\"http:\\\/\\\/responseandearn.com\\\/no-no\\\/#website\",\"url\":\"http:\\\/\\\/responseandearn.com\\\/no-no\\\/\",\"name\":\"Response &amp; Earn\",\"description\":\"\",\"publisher\":{\"@id\":\"http:\\\/\\\/responseandearn.com\\\/no-no\\\/#organization\"},\"potentialAction\":[{\"@type\":\"SearchAction\",\"target\":{\"@type\":\"EntryPoint\",\"urlTemplate\":\"http:\\\/\\\/responseandearn.com\\\/no-no\\\/?s={search_term_string}\"},\"query-input\":{\"@type\":\"PropertyValueSpecification\",\"valueRequired\":true,\"valueName\":\"search_term_string\"}}],\"inLanguage\":\"no-no\"},{\"@type\":\"Organization\",\"@id\":\"http:\\\/\\\/responseandearn.com\\\/no-no\\\/#organization\",\"name\":\"Response &amp; Earn\",\"url\":\"http:\\\/\\\/responseandearn.com\\\/no-no\\\/\",\"logo\":{\"@type\":\"ImageObject\",\"inLanguage\":\"no-no\",\"@id\":\"http:\\\/\\\/responseandearn.com\\\/no-no\\\/#\\\/schema\\\/logo\\\/image\\\/\",\"url\":\"http:\\\/\\\/responseandearn.com\\\/wp-content\\\/uploads\\\/2024\\\/03\\\/logo_site-1.png\",\"contentUrl\":\"http:\\\/\\\/responseandearn.com\\\/wp-content\\\/uploads\\\/2024\\\/03\\\/logo_site-1.png\",\"width\":168,\"height\":47,\"caption\":\"Response &amp; Earn\"},\"image\":{\"@id\":\"http:\\\/\\\/responseandearn.com\\\/no-no\\\/#\\\/schema\\\/logo\\\/image\\\/\"}}]}<\/script>\n<!-- \/ Yoast SEO plugin. -->","yoast_head_json":{"title":"F\u00e5 svar p\u00e5 dine sp\u00f8rsm\u00e5l om betalte sp\u00f8rreunders\u00f8kelser p\u00e5 nett | Response & Earn NORWAY","description":"Utforsk den omfattende FAQ-delen for \u00e5 finne svar p\u00e5 vanlige sp\u00f8rsm\u00e5l om betalte sp\u00f8rreunders\u00f8kelser p\u00e5 nett. Finn ut mer om betalingsm\u00e5ter, deltakelse i sp\u00f8rreunders\u00f8kelser, kvalifikasjonskriterier og mer. Din go-to ressurs for \u00e5 avklare tvil og maksimere inntektene dine gjennom online unders\u00f8kelser.","robots":{"index":"index","follow":"follow","max-snippet":"max-snippet:-1","max-image-preview":"max-image-preview:large","max-video-preview":"max-video-preview:-1"},"canonical":"http:\/\/responseandearn.com\/no-no\/faq\/","og_locale":"en_US","og_type":"article","og_title":"F\u00e5 svar p\u00e5 dine sp\u00f8rsm\u00e5l om betalte sp\u00f8rreunders\u00f8kelser p\u00e5 nett | Response & Earn NORWAY","og_description":"Utforsk den omfattende FAQ-delen for \u00e5 finne svar p\u00e5 vanlige sp\u00f8rsm\u00e5l om betalte sp\u00f8rreunders\u00f8kelser p\u00e5 nett. Finn ut mer om betalingsm\u00e5ter, deltakelse i sp\u00f8rreunders\u00f8kelser, kvalifikasjonskriterier og mer. Din go-to ressurs for \u00e5 avklare tvil og maksimere inntektene dine gjennom online unders\u00f8kelser.","og_url":"http:\/\/responseandearn.com\/no-no\/faq\/","og_site_name":"Response &amp; Earn","article_modified_time":"2024-07-09T16:09:22+00:00","twitter_card":"summary_large_image","twitter_misc":{"Est. reading time":"4 minutes"},"schema":{"@context":"https:\/\/schema.org","@graph":[{"@type":"WebPage","@id":"http:\/\/responseandearn.com\/no-no\/faq\/","url":"http:\/\/responseandearn.com\/no-no\/faq\/","name":"F\u00e5 svar p\u00e5 dine sp\u00f8rsm\u00e5l om betalte sp\u00f8rreunders\u00f8kelser p\u00e5 nett | Response & Earn NORWAY","isPartOf":{"@id":"http:\/\/responseandearn.com\/no-no\/#website"},"datePublished":"2024-03-29T04:39:08+00:00","dateModified":"2024-07-09T16:09:22+00:00","description":"Utforsk den omfattende FAQ-delen for \u00e5 finne svar p\u00e5 vanlige sp\u00f8rsm\u00e5l om betalte sp\u00f8rreunders\u00f8kelser p\u00e5 nett. Finn ut mer om betalingsm\u00e5ter, deltakelse i sp\u00f8rreunders\u00f8kelser, kvalifikasjonskriterier og mer. Din go-to ressurs for \u00e5 avklare tvil og maksimere inntektene dine gjennom online unders\u00f8kelser.","breadcrumb":{"@id":"http:\/\/responseandearn.com\/no-no\/faq\/#breadcrumb"},"inLanguage":"no-no","potentialAction":[{"@type":"ReadAction","target":["http:\/\/responseandearn.com\/no-no\/faq\/"]}]},{"@type":"BreadcrumbList","@id":"http:\/\/responseandearn.com\/no-no\/faq\/#breadcrumb","itemListElement":[{"@type":"ListItem","position":1,"name":"Home","item":"http:\/\/responseandearn.com\/no-no\/"},{"@type":"ListItem","position":2,"name":"FAQs"}]},{"@type":"WebSite","@id":"http:\/\/responseandearn.com\/no-no\/#website","url":"http:\/\/responseandearn.com\/no-no\/","name":"Response &amp; Earn","description":"","publisher":{"@id":"http:\/\/responseandearn.com\/no-no\/#organization"},"potentialAction":[{"@type":"SearchAction","target":{"@type":"EntryPoint","urlTemplate":"http:\/\/responseandearn.com\/no-no\/?s={search_term_string}"},"query-input":{"@type":"PropertyValueSpecification","valueRequired":true,"valueName":"search_term_string"}}],"inLanguage":"no-no"},{"@type":"Organization","@id":"http:\/\/responseandearn.com\/no-no\/#organization","name":"Response &amp; Earn","url":"http:\/\/responseandearn.com\/no-no\/","logo":{"@type":"ImageObject","inLanguage":"no-no","@id":"http:\/\/responseandearn.com\/no-no\/#\/schema\/logo\/image\/","url":"http:\/\/responseandearn.com\/wp-content\/uploads\/2024\/03\/logo_site-1.png","contentUrl":"http:\/\/responseandearn.com\/wp-content\/uploads\/2024\/03\/logo_site-1.png","width":168,"height":47,"caption":"Response &amp; Earn"},"image":{"@id":"http:\/\/responseandearn.com\/no-no\/#\/schema\/logo\/image\/"}}]}},"_links":{"self":[{"href":"http:\/\/responseandearn.com\/no-no\/wp-json\/wp\/v2\/pages\/4519","targetHints":{"allow":["GET"]}}],"collection":[{"href":"http:\/\/responseandearn.com\/no-no\/wp-json\/wp\/v2\/pages"}],"about":[{"href":"http:\/\/responseandearn.com\/no-no\/wp-json\/wp\/v2\/types\/page"}],"author":[{"embeddable":true,"href":"http:\/\/responseandearn.com\/no-no\/wp-json\/wp\/v2\/users\/1"}],"replies":[{"embeddable":true,"href":"http:\/\/responseandearn.com\/no-no\/wp-json\/wp\/v2\/comments?post=4519"}],"version-history":[{"count":2,"href":"http:\/\/responseandearn.com\/no-no\/wp-json\/wp\/v2\/pages\/4519\/revisions"}],"predecessor-version":[{"id":4655,"href":"http:\/\/responseandearn.com\/no-no\/wp-json\/wp\/v2\/pages\/4519\/revisions\/4655"}],"wp:attachment":[{"href":"http:\/\/responseandearn.com\/no-no\/wp-json\/wp\/v2\/media?parent=4519"}],"curies":[{"name":"wp","href":"https:\/\/api.w.org\/{rel}","templated":true}]}}