{"id":4518,"date":"2024-03-29T04:39:08","date_gmt":"2024-03-29T04:39:08","guid":{"rendered":"https:\/\/responseandearn.com\/faq\/"},"modified":"2024-07-09T15:00:51","modified_gmt":"2024-07-09T15:00:51","slug":"faq","status":"publish","type":"page","link":"http:\/\/responseandearn.com\/fi-fi\/faq\/","title":{"rendered":"FAQs"},"content":{"rendered":"<div class=\"wpb-content-wrapper\"><p>[vc_row css=&#8221;.vc_custom_1711683198509{margin-top: 100px !important;margin-bottom: 100px !important;}&#8221; el_class=&#8221;home_sec_10&#8243;][vc_column width=&#8221;1\/6&#8243;][\/vc_column][vc_column width=&#8221;2\/3&#8243;][vc_raw_html]JTNDZGl2JTIwY2xhc3MlM0QlMjJjb250YWluZXIlMjIlMjBzdHlsZSUzRCUyMnRleHQtYWxpZ24lM0FjZW50ZXIlM0JtYXJnaW4tYm90dG9tJTNBJTIwNDBweCUzQiUyMiUzRSUwQSUyMCUyMCUzQ2RpdiUyMGNsYXNzJTNEJTIyZG90JTIyJTNFJTNDJTJGZGl2JTNFJTBBJTIwJTIwJTNDZGl2JTIwY2xhc3MlM0QlMjJkb3QlMjIlM0UlM0MlMkZkaXYlM0UlMEElMjAlMjAlM0NkaXYlMjBjbGFzcyUzRCUyMmRvdCUyMiUzRSUzQyUyRmRpdiUzRSUwQSUwQSUzQyUyRmRpdiUzRSUwQSUwQSUzQ3N0eWxlJTNFJTBBJTIwJTIwJTIwJTIwLmRvdCUyMCU3QiUwQSUyMCUyMGRpc3BsYXklM0ElMjBpbmxpbmUtYmxvY2slM0IlMEElMjAlMjB3aWR0aCUzQSUyMDE1cHglM0IlMEElMjAlMjBoZWlnaHQlM0ElMjAxNXB4JTNCJTBBJTIwJTIwYm9yZGVyLXJhZGl1cyUzQSUyMDUwJTI1JTNCJTBBJTIwJTIwYmFja2dyb3VuZC1jb2xvciUzQSUyMCUyM2ZiOTA1ZCUzQiUwQSUyMCUyMG1hcmdpbi1yaWdodCUzQSUyMDEycHglM0IlMEElN0QlMEElMEElMEEuY29udGFpbmVyJTIwLmRvdCUzQW50aC1sYXN0LWNoaWxkJTI4MSUyOSUyMCU3QiUwQSUyMCUyMGFuaW1hdGlvbiUzQSUyMGp1bXBpbmdBbmltYXRpb24lMjAxLjJzJTIwMC42cyUyMGxpbmVhciUyMGluZmluaXRlJTNCJTBBJTdEJTBBLmNvbnRhaW5lciUyMC5kb3QlM0FudGgtbGFzdC1jaGlsZCUyODIlMjklMjAlN0IlMEElMjAlMjBhbmltYXRpb24lM0ElMjBqdW1waW5nQW5pbWF0aW9uJTIwMS4ycyUyMDAuM3MlMjBsaW5lYXIlMjBpbmZpbml0ZSUzQiUwQSU3RCUwQS5jb250YWluZXIlMjAuZG90JTNBbnRoLWxhc3QtY2hpbGQlMjgzJTI5JTIwJTdCJTBBJTIwJTIwYW5pbWF0aW9uJTNBJTIwanVtcGluZ0FuaW1hdGlvbiUyMDEuMnMlMjAwcyUyMGxpbmVhciUyMGluZmluaXRlJTNCJTBBJTdEJTBBJTBBJTQwa2V5ZnJhbWVzJTIwanVtcGluZ0FuaW1hdGlvbiUyMCU3QiUwQSUyMCUyMDAlMjAlN0IlMEElMjAlMjAlMjAlMjB0cmFuc2Zvcm0lM0ElMjB0cmFuc2xhdGUlMjgwJTJDJTIwMCUyOSUzQiUwQSUyMCUyMCU3RCUwQSUyMCUyMDE2JTI1JTIwJTdCJTBBJTIwJTIwJTIwJTIwdHJhbnNmb3JtJTNBJTIwdHJhbnNsYXRlJTI4MCUyQyUyMC0xNXB4JTI5JTNCJTBBJTIwJTIwJTdEJTBBJTIwJTIwMzMlMjUlMjAlN0IlMEElMjAlMjAlMjAlMjB0cmFuc2Zvcm0lM0ElMjB0cmFuc2xhdGUlMjgwJTJDJTIwMCUyOSUzQiUwQSUyMCUyMCU3RCUwQSUyMCUyMDEwMCUyNSUyMCU3QiUwQSUyMCUyMCUyMCUyMHRyYW5zZm9ybSUzQSUyMHRyYW5zbGF0ZSUyODAlMkMlMjAwJTI5JTNCJTBBJTIwJTIwJTdEJTBBJTdEJTBBJTNDJTJGc3R5bGUlM0UlMEElMEElM0NoMSUyMHN0eWxlJTNEJTIybGluZS1oZWlnaHQlM0ElMjBpbml0aWFsJTNCJTIwZm9udC1zaXplJTNBJTIwMTAwcHglM0Jmb250LXdlaWdodCUzQSUyMGJvbGQlM0IlMjBjb2xvciUzQSUyMCUyMzExMSUzQiUyMHRleHQtYWxpZ24lM0FjZW50ZXIlMjIlM0VVS0slM0MlMkZoMSUzRQ==[\/vc_raw_html][vc_column_text]<\/p>\n<p style=\"text-align: center;\"><span style=\"font-weight: 400;\">Oletko h\u00e4mmentynyt siit\u00e4, mik\u00e4 Response and Earn tarkalleen on ja miten voit ansaita rahaa kyselyill\u00e4 Suomessa? Tutustu vastauksiin alustaamme koskeviin yleisiin kysymyksiin, sill\u00e4 pyrimme tekem\u00e4\u00e4n saumattoman kokemuksen ansaitsemisesta kaikille.\u00a0<\/span><\/p>\n<p>[\/vc_column_text][\/vc_column][vc_column width=&#8221;1\/6&#8243;][\/vc_column][\/vc_row][vc_row css=&#8221;.vc_custom_1711595976997{margin-top: 100px !important;margin-bottom: 100px !important;}&#8221; el_class=&#8221;home_sec_8&#8243;][vc_column][vc_custom_heading text=&#8221;Usein Kysytyt Kysymykset&#8221; font_container=&#8221;tag:h2|text_align:center|color:%23111111&#8243; use_theme_fonts=&#8221;yes&#8221; css=&#8221;.vc_custom_1720536998473{margin-bottom: 100px !important;}&#8221;][vc_toggle title=&#8221;Mik\u00e4 on vastaus ja ansainta?&#8221; style=&#8221;arrow&#8221; color=&#8221;sandy_brown&#8221;]<span style=\"font-weight: 400;\">Response and Earn on suomalainen yritys, jota johtavat markkinatutkijat, jotka rekrytoivat ihmisi\u00e4 maksettuihin kyselyihin ja kohderyhmiin. Annamme suurempien organisaatioiden ja yritysten kuulla n\u00e4kemyksesi tuotteistaan ja palveluistaan, jotta he voivat parantaa vastaavasti. Korvaamme sinulle aikasi ja arvokkaan vastauksesi.\u00a0<\/span>[\/vc_toggle][vc_toggle title=&#8221;Tarjoaako Response and Earn laillista rahaa kyselyihin?&#8221; style=&#8221;arrow&#8221; color=&#8221;sandy_brown&#8221;]<span style=\"font-weight: 400;\">Kyll\u00e4, kyselypalkkiomme on 100% laillinen. Palkitsemme sinut ajastasi ja arvokkaista oivalluksistasi. Autat yrityksi\u00e4 parantamaan tuotteitaan ja palveluitaan; Vastineeksi tarjoamme k\u00e4teispalkintoja ja lahjakortteja, jotka ovat t\u00e4ysin laillisia.\u00a0<\/span>[\/vc_toggle][vc_toggle title=&#8221;Kuinka voin liitty\u00e4 Response and Earniin?&#8221; style=&#8221;arrow&#8221; color=&#8221;sandy_brown&#8221;]<span style=\"font-weight: 400;\">Voit liitty\u00e4 Response and Earn -palveluun rekister\u00f6itym\u00e4ll\u00e4 alustallemme. T\u00e4t\u00e4 varten sinun on t\u00e4ytett\u00e4v\u00e4 rekister\u00f6intilomakkeemme antamalla kaikki vaaditut tiedot, mukaan lukien yhteystiedot, tausta ja kiinnostuksen kohteet. T\u00e4m\u00e4n avulla sinusta tulee osa yhteis\u00f6\u00e4mme, ja ilmoitamme sinulle aina, kun jokin tutkimus vastaa profiiliasi.\u00a0<\/span>[\/vc_toggle][vc_toggle title=&#8221;Pit\u00e4\u00e4k\u00f6 minun maksaa rekister\u00f6intimaksut Response and Earnissa? &#8221; style=&#8221;arrow&#8221; color=&#8221;sandy_brown&#8221;]<span style=\"font-weight: 400;\">Ei, sinun ei tarvitse maksaa rekister\u00f6intimaksuja Reponse and Earnissa. Sivustomme tarjoaa 100% ilmaisia kyselyit\u00e4, joiden avulla voit ansaita erilaisia lahjakortteja ja k\u00e4teispalkintoja.\u00a0<\/span>[\/vc_toggle][vc_toggle title=&#8221;Miten saan yst\u00e4v\u00e4ni liittym\u00e4\u00e4n Response and Earn -ohjelmaan?&#8221; style=&#8221;arrow&#8221; color=&#8221;sandy_brown&#8221;]<span style=\"font-weight: 400;\">Yhdess\u00e4 ansaitsevat yst\u00e4v\u00e4t pysyv\u00e4t yhdess\u00e4. Jos haluat saada yst\u00e4v\u00e4si liittym\u00e4\u00e4n Response and Earn -palveluun, jaa alustamme linkki heid\u00e4n kanssaan s\u00e4hk\u00f6postitse tai tekstiviestill\u00e4.\u00a0<\/span>[\/vc_toggle][vc_toggle title=&#8221;Liityin alustaan, mutta minua ei ole valittu mihink\u00e4\u00e4n tutkimukseen, miksi?&#8221; style=&#8221;arrow&#8221; color=&#8221;sandy_brown&#8221;]<span style=\"font-weight: 400;\">Henkil\u00f6t valitaan, kun heid\u00e4n profiilinsa vastaa tutkimusta, jonka asiakkaamme m\u00e4\u00e4rittelev\u00e4t tarjoamiensa tuotteiden tai palveluiden mukaan. Rekrytoijamme yritt\u00e4v\u00e4t parhaansa mukaan valita tutkimuksiin parhaiten sopivan ottelun; Joskus l\u00e4ht\u00f6- ja saapumisajat ovat kuitenkin rajalliset, mink\u00e4 vuoksi monet ihmiset j\u00e4\u00e4v\u00e4t valitsematta. Mutta \u00e4l\u00e4 menet\u00e4 toivoa; P\u00e4ivit\u00e4mme jatkuvasti uusia tutkimuksia, ja sinut valitaan pian, jos olet aktiivinen k\u00e4ytt\u00e4j\u00e4.\u00a0<\/span>[\/vc_toggle][vc_toggle title=&#8221;Kuinka paljon voin ansaita kuukaudessa kyselyjen avulla?&#8221; style=&#8221;arrow&#8221; color=&#8221;sandy_brown&#8221;]<span style=\"font-weight: 400;\">Voit ansaita niin paljon kuin voit. Se riippuu t\u00e4ysin saatavuudestasi ja siit\u00e4, kuinka monta kysely\u00e4 teet kuukaudessa.<\/span>[\/vc_toggle][vc_toggle title=&#8221;Miksi en ole saanut maksua fokusryhm\u00e4\u00e4n osallistumisen j\u00e4lkeen?&#8221; style=&#8221;arrow&#8221; color=&#8221;sandy_brown&#8221;]<span style=\"font-weight: 400;\">Yrit\u00e4mme parhaamme mukaan l\u00e4hett\u00e4\u00e4 maksut ajoissa, mutta jos kohtaat viiv\u00e4styksi\u00e4, pahoittelemme sit\u00e4 vilpitt\u00f6m\u00e4sti. Voit ottaa meihin yhteytt\u00e4 nyt, jotta voimme ratkaista ongelmasi mahdollisimman pian.<\/span>[\/vc_toggle][vc_toggle title=&#8221;Pit\u00e4\u00e4k\u00f6 minun olla asiantuntija jossain, jotta voin osallistua tutkimukseen?&#8221; style=&#8221;arrow&#8221; color=&#8221;sandy_brown&#8221;]<span style=\"font-weight: 400;\">Ei, sinun ei tarvitse olla asiantuntija miss\u00e4\u00e4n ollaksesi osa opintojamme. Sinun tarvitsee vain jakaa aidot mielipiteesi kanssamme. Se on niin yksinkertaista.\u00a0<\/span>[\/vc_toggle][vc_toggle title=&#8221;Kuinka voin palauttaa kadonneen k\u00e4ytt\u00e4j\u00e4nimeni ja salasanani?&#8221; style=&#8221;arrow&#8221; color=&#8221;sandy_brown&#8221;]<span style=\"font-weight: 400;\">Jos olet unohtanut k\u00e4ytt\u00e4j\u00e4tunnuksesi ja salasanasi, l\u00e4het\u00e4 meille s\u00e4hk\u00f6postiosoitteesi, niin l\u00e4het\u00e4mme kirjautumistietosi s\u00e4hk\u00f6postiisi.\u00a0<\/span>[\/vc_toggle][vc_toggle title=&#8221;Miten voin muuttaa profiilitietojani?&#8221; style=&#8221;arrow&#8221; color=&#8221;sandy_brown&#8221;]<span style=\"font-weight: 400;\">Voit muuttaa profiilitietojasi siirtym\u00e4ll\u00e4 henkil\u00f6kohtaiseen profiiliisi. Varmista, ett\u00e4 t\u00e4yt\u00e4t kaikki sinua koskevat tiedot, jotta voimme l\u00e4hett\u00e4\u00e4 sinulle asiaankuuluvia kyselyit\u00e4.\u00a0<\/span>[\/vc_toggle][vc_toggle title=&#8221;Miten saan maksut tililleni?&#8221; style=&#8221;arrow&#8221; color=&#8221;sandy_brown&#8221;]<span style=\"font-weight: 400;\">Jos haluat vastaanottaa maksuja tilillesi, siirry profiiliisi, klikkaa &#8220;Lunasta palkinnot&#8221; ja seuraa n\u00e4yt\u00f6ll\u00e4 n\u00e4kyvi\u00e4 ohjeita.\u00a0<\/span>[\/vc_toggle][vc_toggle title=&#8221;Miten voin peruuttaa j\u00e4senyyteni?&#8221; style=&#8221;arrow&#8221; color=&#8221;sandy_brown&#8221;]<span style=\"font-weight: 400;\">Voit poistua Vastauksesta ja Ansaitse -toiminnosta milloin haluat. Sinun tarvitsee vain l\u00e4hett\u00e4\u00e4 meille s\u00e4hk\u00f6postia osoitteeseen <\/span><a href=\"mailto:info@responseandearn.com\"><span style=\"font-weight: 400;\">info@responseandearn.com<\/span><\/a><span style=\"font-weight: 400;\"> ja pyyt\u00e4\u00e4 meit\u00e4 peruuttamaan j\u00e4senyytesi. Voit my\u00f6s poistaa tilisi suoraan profiilistasi.\u00a0<\/span>[\/vc_toggle][vc_toggle title=&#8221;Pysyv\u00e4tk\u00f6 tietoni luottamuksellisina?&#8221; style=&#8221;arrow&#8221; color=&#8221;sandy_brown&#8221;]<span style=\"font-weight: 400;\">Pid\u00e4mme henkil\u00f6kohtaiset tietosi 100% luottamuksellisina. Jaamme sen vain asiakkaidemme kanssa, jotta sinut voidaan sovittaa uusiin tutkimuksiin. Emme koskaan jaa mit\u00e4\u00e4n tietojasi kolmannen osapuolen kanssa.\u00a0<\/span>[\/vc_toggle][\/vc_column][\/vc_row]<\/p>\n<\/div>","protected":false},"excerpt":{"rendered":"<p>[vc_row css=&#8221;.vc_custom_1711683198509{margin-top: 100px !important;margin-bottom: 100px !important;}&#8221; el_class=&#8221;home_sec_10&#8243;][vc_column width=&#8221;1\/6&#8243;][\/vc_column][vc_column width=&#8221;2\/3&#8243;][vc_raw_html]JTNDZGl2JTIwY2xhc3MlM0QlMjJjb250YWluZXIlMjIlMjBzdHlsZSUzRCUyMnRleHQtYWxpZ24lM0FjZW50ZXIlM0JtYXJnaW4tYm90dG9tJTNBJTIwNDBweCUzQiUyMiUzRSUwQSUyMCUyMCUzQ2RpdiUyMGNsYXNzJTNEJTIyZG90JTIyJTNFJTNDJTJGZGl2JTNFJTBBJTIwJTIwJTNDZGl2JTIwY2xhc3MlM0QlMjJkb3QlMjIlM0UlM0MlMkZkaXYlM0UlMEElMjAlMjAlM0NkaXYlMjBjbGFzcyUzRCUyMmRvdCUyMiUzRSUzQyUyRmRpdiUzRSUwQSUwQSUzQyUyRmRpdiUzRSUwQSUwQSUzQ3N0eWxlJTNFJTBBJTIwJTIwJTIwJTIwLmRvdCUyMCU3QiUwQSUyMCUyMGRpc3BsYXklM0ElMjBpbmxpbmUtYmxvY2slM0IlMEElMjAlMjB3aWR0aCUzQSUyMDE1cHglM0IlMEElMjAlMjBoZWlnaHQlM0ElMjAxNXB4JTNCJTBBJTIwJTIwYm9yZGVyLXJhZGl1cyUzQSUyMDUwJTI1JTNCJTBBJTIwJTIwYmFja2dyb3VuZC1jb2xvciUzQSUyMCUyM2ZiOTA1ZCUzQiUwQSUyMCUyMG1hcmdpbi1yaWdodCUzQSUyMDEycHglM0IlMEElN0QlMEElMEElMEEuY29udGFpbmVyJTIwLmRvdCUzQW50aC1sYXN0LWNoaWxkJTI4MSUyOSUyMCU3QiUwQSUyMCUyMGFuaW1hdGlvbiUzQSUyMGp1bXBpbmdBbmltYXRpb24lMjAxLjJzJTIwMC42cyUyMGxpbmVhciUyMGluZmluaXRlJTNCJTBBJTdEJTBBLmNvbnRhaW5lciUyMC5kb3QlM0FudGgtbGFzdC1jaGlsZCUyODIlMjklMjAlN0IlMEElMjAlMjBhbmltYXRpb24lM0ElMjBqdW1waW5nQW5pbWF0aW9uJTIwMS4ycyUyMDAuM3MlMjBsaW5lYXIlMjBpbmZpbml0ZSUzQiUwQSU3RCUwQS5jb250YWluZXIlMjAuZG90JTNBbnRoLWxhc3QtY2hpbGQlMjgzJTI5JTIwJTdCJTBBJTIwJTIwYW5pbWF0aW9uJTNBJTIwanVtcGluZ0FuaW1hdGlvbiUyMDEuMnMlMjAwcyUyMGxpbmVhciUyMGluZmluaXRlJTNCJTBBJTdEJTBBJTBBJTQwa2V5ZnJhbWVzJTIwanVtcGluZ0FuaW1hdGlvbiUyMCU3QiUwQSUyMCUyMDAlMjAlN0IlMEElMjAlMjAlMjAlMjB0cmFuc2Zvcm0lM0ElMjB0cmFuc2xhdGUlMjgwJTJDJTIwMCUyOSUzQiUwQSUyMCUyMCU3RCUwQSUyMCUyMDE2JTI1JTIwJTdCJTBBJTIwJTIwJTIwJTIwdHJhbnNmb3JtJTNBJTIwdHJhbnNsYXRlJTI4MCUyQyUyMC0xNXB4JTI5JTNCJTBBJTIwJTIwJTdEJTBBJTIwJTIwMzMlMjUlMjAlN0IlMEElMjAlMjAlMjAlMjB0cmFuc2Zvcm0lM0ElMjB0cmFuc2xhdGUlMjgwJTJDJTIwMCUyOSUzQiUwQSUyMCUyMCU3RCUwQSUyMCUyMDEwMCUyNSUyMCU3QiUwQSUyMCUyMCUyMCUyMHRyYW5zZm9ybSUzQSUyMHRyYW5zbGF0ZSUyODAlMkMlMjAwJTI5JTNCJTBBJTIwJTIwJTdEJTBBJTdEJTBBJTNDJTJGc3R5bGUlM0UlMEElMEElM0NoMSUyMHN0eWxlJTNEJTIybGluZS1oZWlnaHQlM0ElMjBpbml0aWFsJTNCJTIwZm9udC1zaXplJTNBJTIwMTAwcHglM0Jmb250LXdlaWdodCUzQSUyMGJvbGQlM0IlMjBjb2xvciUzQSUyMCUyMzExMSUzQiUyMHRleHQtYWxpZ24lM0FjZW50ZXIlMjIlM0VVS0slM0MlMkZoMSUzRQ==[\/vc_raw_html][vc_column_text] Oletko h\u00e4mmentynyt siit\u00e4, mik\u00e4 Response and Earn tarkalleen on ja miten voit ansaita rahaa kyselyill\u00e4 Suomessa? [&hellip;]<\/p>\n","protected":false},"author":1,"featured_media":0,"parent":0,"menu_order":0,"comment_status":"closed","ping_status":"closed","template":"","meta":{"_acf_changed":false,"inline_featured_image":false,"ocean_post_layout":"","ocean_both_sidebars_style":"","ocean_both_sidebars_content_width":0,"ocean_both_sidebars_sidebars_width":0,"ocean_sidebar":"0","ocean_second_sidebar":"0","ocean_disable_margins":"enable","ocean_add_body_class":"","ocean_shortcode_before_top_bar":"","ocean_shortcode_after_top_bar":"","ocean_shortcode_before_header":"","ocean_shortcode_after_header":"","ocean_has_shortcode":"","ocean_shortcode_after_title":"","ocean_shortcode_before_footer_widgets":"","ocean_shortcode_after_footer_widgets":"","ocean_shortcode_before_footer_bottom":"","ocean_shortcode_after_footer_bottom":"","ocean_display_top_bar":"default","ocean_display_header":"default","ocean_header_style":"","ocean_center_header_left_menu":"0","ocean_custom_header_template":"0","ocean_custom_logo":0,"ocean_custom_retina_logo":0,"ocean_custom_logo_max_width":0,"ocean_custom_logo_tablet_max_width":0,"ocean_custom_logo_mobile_max_width":0,"ocean_custom_logo_max_height":0,"ocean_custom_logo_tablet_max_height":0,"ocean_custom_logo_mobile_max_height":0,"ocean_header_custom_menu":"0","ocean_menu_typo_font_family":"0","ocean_menu_typo_font_subset":"","ocean_menu_typo_font_size":0,"ocean_menu_typo_font_size_tablet":0,"ocean_menu_typo_font_size_mobile":0,"ocean_menu_typo_font_size_unit":"px","ocean_menu_typo_font_weight":"","ocean_menu_typo_font_weight_tablet":"","ocean_menu_typo_font_weight_mobile":"","ocean_menu_typo_transform":"","ocean_menu_typo_transform_tablet":"","ocean_menu_typo_transform_mobile":"","ocean_menu_typo_line_height":0,"ocean_menu_typo_line_height_tablet":0,"ocean_menu_typo_line_height_mobile":0,"ocean_menu_typo_line_height_unit":"","ocean_menu_typo_spacing":0,"ocean_menu_typo_spacing_tablet":0,"ocean_menu_typo_spacing_mobile":0,"ocean_menu_typo_spacing_unit":"","ocean_menu_link_color":"","ocean_menu_link_color_hover":"","ocean_menu_link_color_active":"","ocean_menu_link_background":"","ocean_menu_link_hover_background":"","ocean_menu_link_active_background":"","ocean_menu_social_links_bg":"","ocean_menu_social_hover_links_bg":"","ocean_menu_social_links_color":"","ocean_menu_social_hover_links_color":"","ocean_disable_title":"on","ocean_disable_heading":"default","ocean_post_title":"","ocean_post_subheading":"","ocean_post_title_style":"","ocean_post_title_background_color":"","ocean_post_title_background":0,"ocean_post_title_bg_image_position":"","ocean_post_title_bg_image_attachment":"","ocean_post_title_bg_image_repeat":"","ocean_post_title_bg_image_size":"","ocean_post_title_height":0,"ocean_post_title_bg_overlay":0.5,"ocean_post_title_bg_overlay_color":"","ocean_disable_breadcrumbs":"default","ocean_breadcrumbs_color":"","ocean_breadcrumbs_separator_color":"","ocean_breadcrumbs_links_color":"","ocean_breadcrumbs_links_hover_color":"","ocean_display_footer_widgets":"default","ocean_display_footer_bottom":"default","ocean_custom_footer_template":"0","footnotes":""},"class_list":["post-4518","page","type-page","status-publish","hentry","entry"],"acf":[],"yoast_head":"<!-- This site is optimized with the Yoast SEO plugin v27.4 - https:\/\/yoast.com\/product\/yoast-seo-wordpress\/ -->\n<title>Hanki vastauksia maksullisia verkkokyselyit\u00e4 koskeviin kysymyksiisi | Vastaa &amp;; Ansaitse SUOMI<\/title>\n<meta name=\"description\" content=\"Tutustu kattavaan UKK-osioon l\u00f6yt\u00e4\u00e4ksesi vastauksia yleisiin kyselyihin verkossa maksetuista kyselyist\u00e4. Lue lis\u00e4\u00e4 maksutavoista, kyselyyn osallistumisesta, kelpoisuusehdoista ja muusta. Resurssisi ep\u00e4ilyjen selvitt\u00e4miseen ja tulojesi maksimointiin verkkokyselyjen avulla.\" \/>\n<meta name=\"robots\" content=\"index, follow, max-snippet:-1, max-image-preview:large, max-video-preview:-1\" \/>\n<link rel=\"canonical\" href=\"http:\/\/responseandearn.com\/fi-fi\/faq\/\" \/>\n<meta property=\"og:locale\" content=\"fi_FI\" \/>\n<meta property=\"og:type\" content=\"article\" \/>\n<meta property=\"og:title\" content=\"Hanki vastauksia maksullisia verkkokyselyit\u00e4 koskeviin kysymyksiisi | Vastaa &amp;; Ansaitse SUOMI\" \/>\n<meta property=\"og:description\" content=\"Tutustu kattavaan UKK-osioon l\u00f6yt\u00e4\u00e4ksesi vastauksia yleisiin kyselyihin verkossa maksetuista kyselyist\u00e4. Lue lis\u00e4\u00e4 maksutavoista, kyselyyn osallistumisesta, kelpoisuusehdoista ja muusta. Resurssisi ep\u00e4ilyjen selvitt\u00e4miseen ja tulojesi maksimointiin verkkokyselyjen avulla.\" \/>\n<meta property=\"og:url\" content=\"http:\/\/responseandearn.com\/fi-fi\/faq\/\" \/>\n<meta property=\"og:site_name\" content=\"Response &amp; Earn\" \/>\n<meta property=\"article:modified_time\" content=\"2024-07-09T15:00:51+00:00\" \/>\n<meta name=\"twitter:card\" content=\"summary_large_image\" \/>\n<meta name=\"twitter:label1\" content=\"Est. reading time\" \/>\n\t<meta name=\"twitter:data1\" content=\"3 minutes\" \/>\n<script type=\"application\/ld+json\" class=\"yoast-schema-graph\">{\"@context\":\"https:\\\/\\\/schema.org\",\"@graph\":[{\"@type\":\"WebPage\",\"@id\":\"http:\\\/\\\/responseandearn.com\\\/fi-fi\\\/faq\\\/\",\"url\":\"http:\\\/\\\/responseandearn.com\\\/fi-fi\\\/faq\\\/\",\"name\":\"Hanki vastauksia maksullisia verkkokyselyit\u00e4 koskeviin kysymyksiisi | Vastaa &; Ansaitse SUOMI\",\"isPartOf\":{\"@id\":\"http:\\\/\\\/responseandearn.com\\\/fi-fi\\\/#website\"},\"datePublished\":\"2024-03-29T04:39:08+00:00\",\"dateModified\":\"2024-07-09T15:00:51+00:00\",\"description\":\"Tutustu kattavaan UKK-osioon l\u00f6yt\u00e4\u00e4ksesi vastauksia yleisiin kyselyihin verkossa maksetuista kyselyist\u00e4. Lue lis\u00e4\u00e4 maksutavoista, kyselyyn osallistumisesta, kelpoisuusehdoista ja muusta. Resurssisi ep\u00e4ilyjen selvitt\u00e4miseen ja tulojesi maksimointiin verkkokyselyjen avulla.\",\"breadcrumb\":{\"@id\":\"http:\\\/\\\/responseandearn.com\\\/fi-fi\\\/faq\\\/#breadcrumb\"},\"inLanguage\":\"fi-fi\",\"potentialAction\":[{\"@type\":\"ReadAction\",\"target\":[\"http:\\\/\\\/responseandearn.com\\\/fi-fi\\\/faq\\\/\"]}]},{\"@type\":\"BreadcrumbList\",\"@id\":\"http:\\\/\\\/responseandearn.com\\\/fi-fi\\\/faq\\\/#breadcrumb\",\"itemListElement\":[{\"@type\":\"ListItem\",\"position\":1,\"name\":\"Home\",\"item\":\"http:\\\/\\\/responseandearn.com\\\/fi-fi\\\/\"},{\"@type\":\"ListItem\",\"position\":2,\"name\":\"FAQs\"}]},{\"@type\":\"WebSite\",\"@id\":\"http:\\\/\\\/responseandearn.com\\\/fi-fi\\\/#website\",\"url\":\"http:\\\/\\\/responseandearn.com\\\/fi-fi\\\/\",\"name\":\"Response &amp; Earn\",\"description\":\"\",\"publisher\":{\"@id\":\"http:\\\/\\\/responseandearn.com\\\/fi-fi\\\/#organization\"},\"potentialAction\":[{\"@type\":\"SearchAction\",\"target\":{\"@type\":\"EntryPoint\",\"urlTemplate\":\"http:\\\/\\\/responseandearn.com\\\/fi-fi\\\/?s={search_term_string}\"},\"query-input\":{\"@type\":\"PropertyValueSpecification\",\"valueRequired\":true,\"valueName\":\"search_term_string\"}}],\"inLanguage\":\"fi-fi\"},{\"@type\":\"Organization\",\"@id\":\"http:\\\/\\\/responseandearn.com\\\/fi-fi\\\/#organization\",\"name\":\"Response &amp; Earn\",\"url\":\"http:\\\/\\\/responseandearn.com\\\/fi-fi\\\/\",\"logo\":{\"@type\":\"ImageObject\",\"inLanguage\":\"fi-fi\",\"@id\":\"http:\\\/\\\/responseandearn.com\\\/fi-fi\\\/#\\\/schema\\\/logo\\\/image\\\/\",\"url\":\"http:\\\/\\\/responseandearn.com\\\/wp-content\\\/uploads\\\/2024\\\/03\\\/logo_site-1.png\",\"contentUrl\":\"http:\\\/\\\/responseandearn.com\\\/wp-content\\\/uploads\\\/2024\\\/03\\\/logo_site-1.png\",\"width\":168,\"height\":47,\"caption\":\"Response &amp; Earn\"},\"image\":{\"@id\":\"http:\\\/\\\/responseandearn.com\\\/fi-fi\\\/#\\\/schema\\\/logo\\\/image\\\/\"}}]}<\/script>\n<!-- \/ Yoast SEO plugin. -->","yoast_head_json":{"title":"Hanki vastauksia maksullisia verkkokyselyit\u00e4 koskeviin kysymyksiisi | Vastaa &; Ansaitse SUOMI","description":"Tutustu kattavaan UKK-osioon l\u00f6yt\u00e4\u00e4ksesi vastauksia yleisiin kyselyihin verkossa maksetuista kyselyist\u00e4. Lue lis\u00e4\u00e4 maksutavoista, kyselyyn osallistumisesta, kelpoisuusehdoista ja muusta. Resurssisi ep\u00e4ilyjen selvitt\u00e4miseen ja tulojesi maksimointiin verkkokyselyjen avulla.","robots":{"index":"index","follow":"follow","max-snippet":"max-snippet:-1","max-image-preview":"max-image-preview:large","max-video-preview":"max-video-preview:-1"},"canonical":"http:\/\/responseandearn.com\/fi-fi\/faq\/","og_locale":"fi_FI","og_type":"article","og_title":"Hanki vastauksia maksullisia verkkokyselyit\u00e4 koskeviin kysymyksiisi | Vastaa &; Ansaitse SUOMI","og_description":"Tutustu kattavaan UKK-osioon l\u00f6yt\u00e4\u00e4ksesi vastauksia yleisiin kyselyihin verkossa maksetuista kyselyist\u00e4. Lue lis\u00e4\u00e4 maksutavoista, kyselyyn osallistumisesta, kelpoisuusehdoista ja muusta. Resurssisi ep\u00e4ilyjen selvitt\u00e4miseen ja tulojesi maksimointiin verkkokyselyjen avulla.","og_url":"http:\/\/responseandearn.com\/fi-fi\/faq\/","og_site_name":"Response &amp; Earn","article_modified_time":"2024-07-09T15:00:51+00:00","twitter_card":"summary_large_image","twitter_misc":{"Est. reading time":"3 minutes"},"schema":{"@context":"https:\/\/schema.org","@graph":[{"@type":"WebPage","@id":"http:\/\/responseandearn.com\/fi-fi\/faq\/","url":"http:\/\/responseandearn.com\/fi-fi\/faq\/","name":"Hanki vastauksia maksullisia verkkokyselyit\u00e4 koskeviin kysymyksiisi | Vastaa &; Ansaitse SUOMI","isPartOf":{"@id":"http:\/\/responseandearn.com\/fi-fi\/#website"},"datePublished":"2024-03-29T04:39:08+00:00","dateModified":"2024-07-09T15:00:51+00:00","description":"Tutustu kattavaan UKK-osioon l\u00f6yt\u00e4\u00e4ksesi vastauksia yleisiin kyselyihin verkossa maksetuista kyselyist\u00e4. Lue lis\u00e4\u00e4 maksutavoista, kyselyyn osallistumisesta, kelpoisuusehdoista ja muusta. Resurssisi ep\u00e4ilyjen selvitt\u00e4miseen ja tulojesi maksimointiin verkkokyselyjen avulla.","breadcrumb":{"@id":"http:\/\/responseandearn.com\/fi-fi\/faq\/#breadcrumb"},"inLanguage":"fi-fi","potentialAction":[{"@type":"ReadAction","target":["http:\/\/responseandearn.com\/fi-fi\/faq\/"]}]},{"@type":"BreadcrumbList","@id":"http:\/\/responseandearn.com\/fi-fi\/faq\/#breadcrumb","itemListElement":[{"@type":"ListItem","position":1,"name":"Home","item":"http:\/\/responseandearn.com\/fi-fi\/"},{"@type":"ListItem","position":2,"name":"FAQs"}]},{"@type":"WebSite","@id":"http:\/\/responseandearn.com\/fi-fi\/#website","url":"http:\/\/responseandearn.com\/fi-fi\/","name":"Response &amp; Earn","description":"","publisher":{"@id":"http:\/\/responseandearn.com\/fi-fi\/#organization"},"potentialAction":[{"@type":"SearchAction","target":{"@type":"EntryPoint","urlTemplate":"http:\/\/responseandearn.com\/fi-fi\/?s={search_term_string}"},"query-input":{"@type":"PropertyValueSpecification","valueRequired":true,"valueName":"search_term_string"}}],"inLanguage":"fi-fi"},{"@type":"Organization","@id":"http:\/\/responseandearn.com\/fi-fi\/#organization","name":"Response &amp; Earn","url":"http:\/\/responseandearn.com\/fi-fi\/","logo":{"@type":"ImageObject","inLanguage":"fi-fi","@id":"http:\/\/responseandearn.com\/fi-fi\/#\/schema\/logo\/image\/","url":"http:\/\/responseandearn.com\/wp-content\/uploads\/2024\/03\/logo_site-1.png","contentUrl":"http:\/\/responseandearn.com\/wp-content\/uploads\/2024\/03\/logo_site-1.png","width":168,"height":47,"caption":"Response &amp; Earn"},"image":{"@id":"http:\/\/responseandearn.com\/fi-fi\/#\/schema\/logo\/image\/"}}]}},"_links":{"self":[{"href":"http:\/\/responseandearn.com\/fi-fi\/wp-json\/wp\/v2\/pages\/4518","targetHints":{"allow":["GET"]}}],"collection":[{"href":"http:\/\/responseandearn.com\/fi-fi\/wp-json\/wp\/v2\/pages"}],"about":[{"href":"http:\/\/responseandearn.com\/fi-fi\/wp-json\/wp\/v2\/types\/page"}],"author":[{"embeddable":true,"href":"http:\/\/responseandearn.com\/fi-fi\/wp-json\/wp\/v2\/users\/1"}],"replies":[{"embeddable":true,"href":"http:\/\/responseandearn.com\/fi-fi\/wp-json\/wp\/v2\/comments?post=4518"}],"version-history":[{"count":2,"href":"http:\/\/responseandearn.com\/fi-fi\/wp-json\/wp\/v2\/pages\/4518\/revisions"}],"predecessor-version":[{"id":4606,"href":"http:\/\/responseandearn.com\/fi-fi\/wp-json\/wp\/v2\/pages\/4518\/revisions\/4606"}],"wp:attachment":[{"href":"http:\/\/responseandearn.com\/fi-fi\/wp-json\/wp\/v2\/media?parent=4518"}],"curies":[{"name":"wp","href":"https:\/\/api.w.org\/{rel}","templated":true}]}}